{"id":22934,"date":"2021-12-23T09:13:45","date_gmt":"2021-12-23T06:13:45","guid":{"rendered":"https:\/\/temaaluminyum.com.tr\/bilgi-toplumu-hizmetleri\/"},"modified":"2022-10-17T23:19:01","modified_gmt":"2022-10-17T20:19:01","slug":"bilgi-toplumu-hizmetleri","status":"publish","type":"page","link":"https:\/\/temaaluminyum.com.tr\/en\/bilgi-toplumu-hizmetleri\/","title":{"rendered":"Information Society Services"},"content":{"rendered":"<div class=\"wpb-content-wrapper\"><p>[vc_row nav_skin=&#8221;light&#8221; consent_include=&#8221;include&#8221; el_design=&#8221;{&#8220;desktop&#8220;:{&#8220;padding-bottom&#8220;:&#8220;30&#8220;}}&#8221;][vc_column css_animation=&#8221;&#8221;][vc_column_text]<\/p>\n<h4>Auditor<\/h4>\n<div class=\"su-table su-table-alternate\">\n<table>\n<tbody>\n<tr>\n<td>Independent Audit Official Registry<\/td>\n<td><strong>Hilal Yeminli Mali M\u00fc\u015favirlik ve Ba\u011f\u0131ms\u0131z Denetim A.\u015e.<\/strong><\/td>\n<\/tr>\n<tr>\n<td>Term Start Date<\/td>\n<td><strong>01.01.2019<\/strong><\/td>\n<\/tr>\n<tr>\n<td>Term End Date<\/td>\n<td><strong>31.12.2019<\/strong><\/td>\n<\/tr>\n<tr>\n<td>Name<\/td>\n<td><strong>B\u00fclent<\/strong><\/td>\n<\/tr>\n<tr>\n<td>Surname<\/td>\n<td><strong>Buz<\/strong><\/td>\n<\/tr>\n<tr>\n<td>Title<\/td>\n<td><strong>Lead Auditor<\/strong><\/td>\n<\/tr>\n<tr>\n<td>Address<\/td>\n<td><strong>\u0130\u00e7erenk\u00f6y Mah. Ali Nihat Tarlan Cad. Ery\u0131lmazlar Sok. No:4 Kat: 2-3 Ata\u015fehir-\u0130stanbul<\/strong><\/td>\n<\/tr>\n<\/tbody>\n<\/table>\n<\/div>\n<p>[\/vc_column_text][\/vc_column][\/vc_row]<\/p>\n<\/div>","protected":false},"excerpt":{"rendered":"<p>[vc_row nav_skin=&#8221;light&#8221; consent_include=&#8221;include&#8221; el_design=&#8221;{&#8220;desktop&#8220;:{&#8220;padding-bottom&#8220;:&#8220;30&#8220;}}&#8221;][vc_column css_animation=&#8221;&#8221;][vc_column_text] Auditor Independent Audit Official Registry Hilal Yeminli Mali M\u00fc\u015favirlik ve Ba\u011f\u0131ms\u0131z Denetim A.\u015e. Term Start Date 01.01.2019 Term End Date 31.12.2019 Name B\u00fclent Surname Buz Title Lead Auditor Address \u0130\u00e7erenk\u00f6y Mah. Ali Nihat Tarlan Cad. Ery\u0131lmazlar Sok. No:4 Kat: 2-3 Ata\u015fehir-\u0130stanbul [\/vc_column_text][\/vc_column][\/vc_row]<\/p>\n","protected":false},"author":1,"featured_media":0,"parent":0,"menu_order":0,"comment_status":"closed","ping_status":"closed","template":"","meta":{"inline_featured_image":false,"footnotes":""},"class_list":["post-22934","page","type-page","status-publish","hentry"],"_links":{"self":[{"href":"https:\/\/temaaluminyum.com.tr\/en\/wp-json\/wp\/v2\/pages\/22934","targetHints":{"allow":["GET"]}}],"collection":[{"href":"https:\/\/temaaluminyum.com.tr\/en\/wp-json\/wp\/v2\/pages"}],"about":[{"href":"https:\/\/temaaluminyum.com.tr\/en\/wp-json\/wp\/v2\/types\/page"}],"author":[{"embeddable":true,"href":"https:\/\/temaaluminyum.com.tr\/en\/wp-json\/wp\/v2\/users\/1"}],"replies":[{"embeddable":true,"href":"https:\/\/temaaluminyum.com.tr\/en\/wp-json\/wp\/v2\/comments?post=22934"}],"version-history":[{"count":2,"href":"https:\/\/temaaluminyum.com.tr\/en\/wp-json\/wp\/v2\/pages\/22934\/revisions"}],"predecessor-version":[{"id":23524,"href":"https:\/\/temaaluminyum.com.tr\/en\/wp-json\/wp\/v2\/pages\/22934\/revisions\/23524"}],"wp:attachment":[{"href":"https:\/\/temaaluminyum.com.tr\/en\/wp-json\/wp\/v2\/media?parent=22934"}],"curies":[{"name":"wp","href":"https:\/\/api.w.org\/{rel}","templated":true}]}}