{"id":24550,"date":"2022-03-29T01:45:37","date_gmt":"2022-03-28T22:45:37","guid":{"rendered":"https:\/\/temaaluminyum.com.tr\/iletisim\/"},"modified":"2022-10-18T15:31:03","modified_gmt":"2022-10-18T12:31:03","slug":"contact","status":"publish","type":"page","link":"https:\/\/temaaluminyum.com.tr\/en\/contact\/","title":{"rendered":"Contact"},"content":{"rendered":"<div class=\"wpb-content-wrapper\"><p>[vc_row row_width=&#8221;wtbx_stretch_row_content&#8221; nav_skin=&#8221;light&#8221; consent_include=&#8221;include&#8221; el_design=&#8221;{&#8220;desktop&#8220;:{&#8220;padding-top&#8220;:&#8220;0&#8220;}}&#8221;][vc_column el_design=&#8221;{&#8220;desktop&#8220;:{&#8220;padding-top&#8220;:&#8220;0&#8220;,&#8220;padding-right&#8220;:&#8220;0&#8220;,&#8220;padding-bottom&#8220;:&#8220;0&#8220;,&#8220;padding-left&#8220;:&#8220;0&#8220;}}&#8221; css_animation=&#8221;&#8221;][vc_scape_google_map height=&#8221;0&#8243; color_scheme=&#8221;scheme_1&#8243; radius=&#8221;0&#8243; draggable=&#8221;true&#8221; scroll_zoom=&#8221;true&#8221; zoom_control=&#8221;true&#8221; streetview_control=&#8221;true&#8221; map_type_control=&#8221;true&#8221; centering=&#8221;manual&#8221; zoom=&#8221;10&#8243; lat=&#8221;40.90550022003985&#8243; lng=&#8221;29.04502092332839&#8243; locations=&#8221;%5B%7B%22address%22%3A%22Bar%C4%B1%C5%9F%20Mahallesi%2C%20G%C3%BCney%20Yanyol%20Cd.%20No%3A%20338%2C%2041400%20Gebze%2FKocaeli%22%2C%22infowindow%22%3A%22default%22%2C%22state%22%3A%22on_click%22%2C%22title%22%3A%22Tema%20Al%C3%BCminyum%20Genel%20Merkez%22%2C%22description%22%3A%22%3Ca%20href%3D%5C%22https%3A%2F%2Fwww.google.com%2Fsearch%3Fsxsrf%3DAPq-WBt1YuVLGrlCETMxCQC85RIfyxppsA%3A1648508043552%26q%3DTema%2BAl%25C3%25BCminyum%26si%3DANhW_NplC2mcdxo8l5KMdp1HqvbwMJj3eZMD8qM9vxoQ_8c6vBFFyOS51finxLwhn6aWuXrndTBbQf6BHGzT4Ig3GxbEkZIYX3jByOwDnRBgtJ9MzrJRzqUrflMssqv6Xo-waP7VK6tiH43gocsDKJkJrwT7YLUAlA%253D%253D%26sa%3DX%26ved%3D2ahUKEwiL-eCC8-n2AhW6SvEDHdOdDNkQ6RN6BAg0EAE%5C%22%20target%3D%5C%22_blank%5C%22%3EYol%20Tarifi%3C%2Fa%3E%22%2C%22photo%22%3A%2217590%22%2C%22marker_style%22%3A%22circle_pulse%22%2C%22marker_color%22%3A%22%7B%5C%22id%5C%22%3A%5C%22Main%20accent%20color%5C%22%2C%5C%22color%5C%22%3A%5C%22%23034ea1%5C%22%7D%22%7D%2C%7B%22address%22%3A%22H%C3%BCrriyet%20Mah.%20Mahmutbey%20Cad%2C%20Kad%C4%B1o%C4%9Flu%20Sk.%20No%3A3%2F2%2C%2034188%20Bah%C3%A7elievler%22%2C%22infowindow%22%3A%22default%22%2C%22state%22%3A%22on_click%22%2C%22title%22%3A%22Bah%C3%A7elievler%20%C5%9Eube%22%2C%22description%22%3A%22%3Ca%20href%3D%5C%22https%3A%2F%2Fwww.google.com%2Fsearch%3Fq%3DH%25C3%25BCrriyet%2BMh.%2BMahmutbey%2BCd.%2BKad%25C4%25B1o%25C4%259Flu%2BSk.%2BNo%253A3%252F2%2BBah%25C3%25A7elievler%252F%25C4%25B0stanbul%26oq%3DH%25C3%25BCrriyet%2BMh.%2BMahmutbey%2BCd.%2BKad%25C4%25B1o%25C4%259Flu%2BSk.%2BNo%253A3%252F2%2BBah%25C3%25A7elievler%252F%25C4%25B0stanbul%5C%22%20target%3D%5C%22_blank%5C%22%3EYol%20Tarifi%3C%2Fa%3E%22%2C%22photo%22%3A%2217591%22%2C%22marker_style%22%3A%22circle_pulse%22%2C%22marker_color%22%3A%22%7B%5C%22id%5C%22%3A%5C%22Light%20text%20color%5C%22%2C%5C%22color%5C%22%3A%5C%22%2370727c%5C%22%7D%22%7D%2C%7B%22address%22%3A%22Turgutreis%20Mahallesi%20Fatih%20Caddesi%2C%20Asalet%20Sk.%20No%3A%204-6%2C%2034930%20Sultanbeyli%2F%C4%B0stanbul%22%2C%22infowindow%22%3A%22default%22%2C%22state%22%3A%22on_click%22%2C%22title%22%3A%22Sultanbeyli%20%C5%9Eube%22%2C%22description%22%3A%22%3Ca%20href%3D%5C%22https%3A%2F%2Fwww.google.com%2Fsearch%3Fsxsrf%3DAPq-WBurdwkwvVT3Ql8WE75dEHgcnK3XRg%3A1648508844182%26q%3Dtema%2Baluminyum%2Bsultanbeyli%26si%3DANhW_NplC2mcdxo8l5KMdp1HqvbwMJj3eZMD8qM9vxoQ_8c6vEJcfiqeh4RWgkrKmG0xYfKDttf3GVv81rBPgOsQUzVNrwqITk0MiSVuH9KSt77g_UqT0oyLYsxVhh-Es8Cw22Z7JX7EkYi8mTxyBZ-RF_NGtSWO7kfAwQSw9aStPmy9mFxYbOI%253D%26sa%3DX%26ved%3D2ahUKEwjV78OA9un2AhWDy4sKHePeAUkQ6RN6BAgwEAE%5C%22%20target%3D%5C%22_blank%5C%22%3EYol%20Tarifi%3C%2Fa%3E%22%2C%22photo%22%3A%2217592%22%2C%22marker_style%22%3A%22circle_pulse%22%2C%22marker_color%22%3A%22%7B%5C%22id%5C%22%3A%5C%22Light%20text%20color%5C%22%2C%5C%22color%5C%22%3A%5C%22%2370727c%5C%22%7D%22%7D%2C%7B%22address%22%3A%22Talatpa%C5%9Fa%20Mah%2C%20Fatih%20Sultan%20Mehmet%20Cd.%20No%3A%206%2C%2034513%20Esenyurt%2F%C4%B0stanbul%22%2C%22infowindow%22%3A%22default%22%2C%22state%22%3A%22on_click%22%2C%22title%22%3A%22Esenyurt%20%C5%9Eube%22%2C%22description%22%3A%22%3Ca%20href%3D%5C%22https%3A%2F%2Fwww.google.com%2Fsearch%3Fq%3Dtema%2Bal%25C3%25BCminyum%2Besenyurt%26biw%3D1440%26bih%3D709%26sxsrf%3DAPq-WBsJTv0apP5zgMm0wRYiPoctjkdrRg%253A1648508967587%26ei%3DJ0BCYvXDI-yHwPAPwvedwAc%26ved%3D0ahUKEwi186-79un2AhXsAxAIHcJ7B3gQ4dUDCA4%26uact%3D5%26oq%3Dtema%2Bal%25C3%25BCminyum%2Besenyurt%26gs_lcp%3DCgdnd3Mtd2l6EAMyCwguEIAEEMcBEK8BMgIIJjoECCMQJzoECC4QQzoECAAQQzoLCAAQgAQQsQMQgwE6CgguEMcBEK8BEEM6EQguEIAEELEDEIMBEMcBENEDOg4ILhCABBCxAxDHARDRAzoOCC4QgAQQsQMQxwEQowI6FAguEIAEELEDEIMBEMcBEKMCENQCOggIABCABBCxAzoFCAAQgAQ6BwguELEDEEM6CAguEIAEELEDOgcIABCxAxBDOg4ILhCABBCxAxDHARCvAUoECEEYAUoECEYYAFCpB1jpIGCRImgDcAB4AIABhQGIAZIOkgEEMC4xNZgBAKABAcABAQ%5C%22%20target%3D%5C%22_blank%5C%22%3EYol%20Tarifi%3C%2Fa%3E%22%2C%22photo%22%3A%2217589%22%2C%22marker_style%22%3A%22circle_pulse%22%2C%22marker_color%22%3A%22%7B%5C%22id%5C%22%3A%5C%22Light%20text%20color%5C%22%2C%5C%22color%5C%22%3A%5C%22%2370727c%5C%22%7D%22%7D%5D&#8221; css_animation=&#8221;&#8221;][\/vc_scape_google_map][\/vc_column][\/vc_row][vc_row columns_placement=&#8221;middle&#8221; content_placement=&#8221;middle&#8221; nav_skin=&#8221;light&#8221; consent_include=&#8221;include&#8221; equal_height=&#8221;true&#8221; el_design=&#8221;{&#8220;desktop&#8220;:{&#8220;padding-top&#8220;:&#8220;30&#8220;}}&#8221;][vc_column width=&#8221;1\/3&#8243; css_animation=&#8221;&#8221;][vc_image_box image=&#8221;17590&#8243; aspect_ratio=&#8221;16:9&#8243; style=&#8221;style_1&#8243; radius=&#8221;4&#8243; title=&#8221;Gebze Headquarters&#8221; title_typography=&#8221;{&#8220;variants&#8220;:&#8220;800&#8220;}&#8221; preloader=&#8221;&#8221; css_animation=&#8221;&#8221;]<\/p>\n<p style=\"text-align: left;\"><strong>Address:<\/strong> Bar\u0131\u015f Mahallesi G\u00fcney Yan Yol Caddesi No:338 Gebze\/KOCAEL\u0130<br \/>\n<strong>Phone:<\/strong> <a href=\"tel:444 57 20\">444 57 20<\/a><br \/>\n<strong>Fax:<\/strong> +90 262 643 95 86<br \/>\n<strong>E-Mail:<\/strong> <a href=\"mailto:bilgi@temaaluminyum.com.tr\">bilgi@temaaluminyum.com.tr<\/a><\/p>\n<p>[\/vc_image_box][\/vc_column][vc_column el_design=&#8221;{&#8220;desktop&#8220;:{&#8220;border-top-left-radius&#8220;:5,&#8220;border-top-right-radius&#8220;:5,&#8220;border-bottom-right-radius&#8220;:5,&#8220;border-bottom-left-radius&#8220;:5,&#8220;padding-top&#8220;:&#8220;25&#8220;,&#8220;padding-right&#8220;:&#8220;25&#8220;,&#8220;padding-bottom&#8220;:&#8220;25&#8220;,&#8220;padding-left&#8220;:&#8220;25&#8220;}}&#8221; width=&#8221;2\/3&#8243; css_animation=&#8221;&#8221; custom_bg_color=&#8221;{&#8220;dir&#8220;:&#8220;to top&#8220;,&#8220;from&#8220;:{&#8220;id&#8220;:&#8220;Light background&#8220;,&#8220;color&#8220;:&#8220;#f7f8fd&#8220;},&#8220;to&#8220;:{&#8220;id&#8220;:&#8220;Border color&#8220;,&#8220;color&#8220;:&#8220;#ecedf3&#8220;}}&#8221;]\n<div class=\"wpcf7 no-js\" id=\"wpcf7-f26216-o1\" lang=\"tr-TR\" dir=\"ltr\">\n<div class=\"screen-reader-response\"><p role=\"status\" aria-live=\"polite\" aria-atomic=\"true\"><\/p> <ul><\/ul><\/div>\n<form action=\"\/en\/wp-json\/wp\/v2\/pages\/24550#wpcf7-f26216-o1\" method=\"post\" class=\"wpcf7-form init\" aria-label=\"\u0130leti\u015fim Formu\" novalidate=\"novalidate\" data-status=\"init\">\n<div style=\"display: none;\">\n<input type=\"hidden\" name=\"_wpcf7\" value=\"26216\" \/>\n<input type=\"hidden\" name=\"_wpcf7_version\" value=\"5.9.8\" \/>\n<input type=\"hidden\" name=\"_wpcf7_locale\" value=\"tr_TR\" \/>\n<input type=\"hidden\" name=\"_wpcf7_unit_tag\" value=\"wpcf7-f26216-o1\" \/>\n<input type=\"hidden\" name=\"_wpcf7_container_post\" value=\"0\" \/>\n<input type=\"hidden\" name=\"_wpcf7_posted_data_hash\" value=\"\" \/>\n<\/div>\n<h4>Contact Form\n<\/h4>\n<div class=\"wtbx_vc_row\">\n\t<div class=\"vc_col-sm-6\">\n\t\t<div class=\"form-group\">\n\t\t\t<p><span class=\"wpcf7-form-control-wrap\" data-name=\"isim\"><input size=\"40\" maxlength=\"400\" class=\"wpcf7-form-control wpcf7-text\" aria-invalid=\"false\" placeholder=\"Name Surname\" value=\"\" type=\"text\" name=\"isim\" \/><\/span>\n\t\t\t<\/p>\n\t\t<\/div>\n\t\t<div class=\"form-group\">\n\t\t\t<p><span class=\"wpcf7-form-control-wrap\" data-name=\"telefon\"><input size=\"40\" maxlength=\"400\" class=\"wpcf7-form-control wpcf7-tel wpcf7-text wpcf7-validates-as-tel\" aria-invalid=\"false\" placeholder=\"Phone No\" value=\"\" type=\"tel\" name=\"telefon\" \/><\/span>\n\t\t\t<\/p>\n\t\t<\/div>\n\t\t<div class=\"form-group\">\n\t\t\t<p><span class=\"wpcf7-form-control-wrap\" data-name=\"eposta\"><input size=\"40\" maxlength=\"400\" class=\"wpcf7-form-control wpcf7-email wpcf7-text wpcf7-validates-as-email\" aria-invalid=\"false\" placeholder=\"E-Mail\" value=\"\" type=\"email\" name=\"eposta\" \/><\/span>\n\t\t\t<\/p>\n\t\t<\/div>\n\t<\/div>\n\t<div class=\"vc_col-sm-6\">\n\t\t<div class=\"form-group\">\n\t\t\t<p><span class=\"wpcf7-form-control-wrap\" data-name=\"mesaj\"><textarea cols=\"40\" rows=\"10\" maxlength=\"2000\" class=\"wpcf7-form-control wpcf7-textarea\" aria-invalid=\"false\" placeholder=\"Your Message\" name=\"mesaj\"><\/textarea><\/span>\n\t\t\t<\/p>\n\t\t<\/div>\n\t\t<div class=\"form-group\">\n\t\t\t<p><input class=\"wpcf7-form-control wpcf7-submit has-spinner\" type=\"submit\" value=\"Send\" \/>\n\t\t\t<\/p>\n\t\t<\/div>\n\t<\/div>\n<\/div><div class=\"wpcf7-response-output\" aria-hidden=\"true\"><\/div>\n<\/form>\n<\/div>\n[vc_empty_space][vc_message_box style=&#8221;style_modern&#8221; type=&#8221;informational&#8221; radius=&#8221;6&#8243; show_icon=&#8221;yes&#8221; show_dismiss=&#8221;no&#8221; css_animation=&#8221;&#8221; icon=&#8221;{&#8220;font&#8220;:&#8220;scape-basic&#8220;,&#8220;icon&#8220;:&#8220;scape-basic-Announcement&#8220;}&#8221;]As Tema Aluminum, in order to respond quickly, efficiently and effectively to the demands of our customers; We cooperate with an extensive supplier network. If you want to cooperate with us strategically by joining our supplier network; You can send your company and product information to <a href=\"mailto:satinalma@temaaluminyum.com.tr\">satinalma@temaaluminyum.com.tr<\/a>.[\/vc_message_box][\/vc_column][\/vc_row][vc_row nav_skin=&#8221;light&#8221; consent_include=&#8221;include&#8221;][vc_column width=&#8221;1\/3&#8243; css_animation=&#8221;&#8221;][vc_image_box image=&#8221;17591&#8243; aspect_ratio=&#8221;16:9&#8243; style=&#8221;style_1&#8243; radius=&#8221;4&#8243; title=&#8221;Bah\u00e7elievler Branch&#8221; title_typography=&#8221;{&#8220;variants&#8220;:&#8220;800&#8220;}&#8221; preloader=&#8221;&#8221; css_animation=&#8221;&#8221;]<\/p>\n<p style=\"text-align: left;\"><strong>Address:<\/strong> H\u00fcrriyet Mh. Mahmutbey Cd. Kad\u0131o\u011flu Sk. No:3\/2 Bah\u00e7elievler\/\u0130stanbul<br \/>\n<strong>Phone:<\/strong> <a href=\"tel:+90 212 639 23 88\">+90 212 639 23 88<\/a> \u2013 89<br \/>\n<strong>Fax:<\/strong> +90 212 639 23 24<\/p>\n<p>[\/vc_image_box][\/vc_column][vc_column width=&#8221;1\/3&#8243; css_animation=&#8221;&#8221;][vc_image_box image=&#8221;17592&#8243; aspect_ratio=&#8221;16:9&#8243; style=&#8221;style_1&#8243; radius=&#8221;4&#8243; title=&#8221;Sultanbeyli Branch&#8221; title_typography=&#8221;{&#8220;variants&#8220;:&#8220;800&#8220;}&#8221; preloader=&#8221;&#8221; css_animation=&#8221;&#8221;]<\/p>\n<p style=\"text-align: left;\"><strong>Address:<\/strong> Turgutreis Mh. Fatih Cd. Asalet Sk. No:4-6 Sultanbeyli\/\u0130stanbul<br \/>\n<strong>Phone:<\/strong> <a href=\"tel:+90 216 498 80 36\">+90 216 498 80 36<\/a> \u2013 487 03 24<br \/>\n<strong>Fax:<\/strong> +90 216 498 80 37<\/p>\n<p>[\/vc_image_box][\/vc_column][vc_column width=&#8221;1\/3&#8243; css_animation=&#8221;&#8221;][vc_image_box image=&#8221;17589&#8243; aspect_ratio=&#8221;16:9&#8243; style=&#8221;style_1&#8243; radius=&#8221;4&#8243; title=&#8221;Esenyurt Branch&#8221; title_typography=&#8221;{&#8220;variants&#8220;:&#8220;800&#8220;}&#8221; preloader=&#8221;&#8221; css_animation=&#8221;&#8221;]<\/p>\n<p style=\"text-align: left;\"><strong>Address:<\/strong> Talatpa\u015fa Mh. Fatih Sultan Mehmet Cd. No:6 Esenyurt\/\u0130stanbul<br \/>\n<strong>Phone:<\/strong> <a href=\"tel:+90 212 596 00 23\">+90 212 596 00 23<\/a><br \/>\n<strong>Fax:<\/strong> +90 212 596 00 32<\/p>\n<p>[\/vc_image_box][\/vc_column][\/vc_row]<\/p>\n<\/div>","protected":false},"excerpt":{"rendered":"<p>[vc_row row_width=&#8221;wtbx_stretch_row_content&#8221; nav_skin=&#8221;light&#8221; consent_include=&#8221;include&#8221; el_design=&#8221;{&#8220;desktop&#8220;:{&#8220;padding-top&#8220;:&#8220;0&#8220;}}&#8221;][vc_column el_design=&#8221;{&#8220;desktop&#8220;:{&#8220;padding-top&#8220;:&#8220;0&#8220;,&#8220;padding-right&#8220;:&#8220;0&#8220;,&#8220;padding-bottom&#8220;:&#8220;0&#8220;,&#8220;padding-left&#8220;:&#8220;0&#8220;}}&#8221; css_animation=&#8221;&#8221;][vc_scape_google_map height=&#8221;0&#8243; color_scheme=&#8221;scheme_1&#8243; radius=&#8221;0&#8243; draggable=&#8221;true&#8221; scroll_zoom=&#8221;true&#8221; zoom_control=&#8221;true&#8221; streetview_control=&#8221;true&#8221; map_type_control=&#8221;true&#8221; centering=&#8221;manual&#8221; zoom=&#8221;10&#8243; lat=&#8221;40.90550022003985&#8243; lng=&#8221;29.04502092332839&#8243; locations=&#8221;%5B%7B%22address%22%3A%22Bar%C4%B1%C5%9F%20Mahallesi%2C%20G%C3%BCney%20Yanyol%20Cd.%20No%3A%20338%2C%2041400%20Gebze%2FKocaeli%22%2C%22infowindow%22%3A%22default%22%2C%22state%22%3A%22on_click%22%2C%22title%22%3A%22Tema%20Al%C3%BCminyum%20Genel%20Merkez%22%2C%22description%22%3A%22%3Ca%20href%3D%5C%22https%3A%2F%2Fwww.google.com%2Fsearch%3Fsxsrf%3DAPq-WBt1YuVLGrlCETMxCQC85RIfyxppsA%3A1648508043552%26q%3DTema%2BAl%25C3%25BCminyum%26si%3DANhW_NplC2mcdxo8l5KMdp1HqvbwMJj3eZMD8qM9vxoQ_8c6vBFFyOS51finxLwhn6aWuXrndTBbQf6BHGzT4Ig3GxbEkZIYX3jByOwDnRBgtJ9MzrJRzqUrflMssqv6Xo-waP7VK6tiH43gocsDKJkJrwT7YLUAlA%253D%253D%26sa%3DX%26ved%3D2ahUKEwiL-eCC8-n2AhW6SvEDHdOdDNkQ6RN6BAg0EAE%5C%22%20target%3D%5C%22_blank%5C%22%3EYol%20Tarifi%3C%2Fa%3E%22%2C%22photo%22%3A%2217590%22%2C%22marker_style%22%3A%22circle_pulse%22%2C%22marker_color%22%3A%22%7B%5C%22id%5C%22%3A%5C%22Main%20accent%20color%5C%22%2C%5C%22color%5C%22%3A%5C%22%23034ea1%5C%22%7D%22%7D%2C%7B%22address%22%3A%22H%C3%BCrriyet%20Mah.%20Mahmutbey%20Cad%2C%20Kad%C4%B1o%C4%9Flu%20Sk.%20No%3A3%2F2%2C%2034188%20Bah%C3%A7elievler%22%2C%22infowindow%22%3A%22default%22%2C%22state%22%3A%22on_click%22%2C%22title%22%3A%22Bah%C3%A7elievler%20%C5%9Eube%22%2C%22description%22%3A%22%3Ca%20href%3D%5C%22https%3A%2F%2Fwww.google.com%2Fsearch%3Fq%3DH%25C3%25BCrriyet%2BMh.%2BMahmutbey%2BCd.%2BKad%25C4%25B1o%25C4%259Flu%2BSk.%2BNo%253A3%252F2%2BBah%25C3%25A7elievler%252F%25C4%25B0stanbul%26oq%3DH%25C3%25BCrriyet%2BMh.%2BMahmutbey%2BCd.%2BKad%25C4%25B1o%25C4%259Flu%2BSk.%2BNo%253A3%252F2%2BBah%25C3%25A7elievler%252F%25C4%25B0stanbul%5C%22%20target%3D%5C%22_blank%5C%22%3EYol%20Tarifi%3C%2Fa%3E%22%2C%22photo%22%3A%2217591%22%2C%22marker_style%22%3A%22circle_pulse%22%2C%22marker_color%22%3A%22%7B%5C%22id%5C%22%3A%5C%22Light%20text%20color%5C%22%2C%5C%22color%5C%22%3A%5C%22%2370727c%5C%22%7D%22%7D%2C%7B%22address%22%3A%22Turgutreis%20Mahallesi%20Fatih%20Caddesi%2C%20Asalet%20Sk.%20No%3A%204-6%2C%2034930%20Sultanbeyli%2F%C4%B0stanbul%22%2C%22infowindow%22%3A%22default%22%2C%22state%22%3A%22on_click%22%2C%22title%22%3A%22Sultanbeyli%20%C5%9Eube%22%2C%22description%22%3A%22%3Ca%20href%3D%5C%22https%3A%2F%2Fwww.google.com%2Fsearch%3Fsxsrf%3DAPq-WBurdwkwvVT3Ql8WE75dEHgcnK3XRg%3A1648508844182%26q%3Dtema%2Baluminyum%2Bsultanbeyli%26si%3DANhW_NplC2mcdxo8l5KMdp1HqvbwMJj3eZMD8qM9vxoQ_8c6vEJcfiqeh4RWgkrKmG0xYfKDttf3GVv81rBPgOsQUzVNrwqITk0MiSVuH9KSt77g_UqT0oyLYsxVhh-Es8Cw22Z7JX7EkYi8mTxyBZ-RF_NGtSWO7kfAwQSw9aStPmy9mFxYbOI%253D%26sa%3DX%26ved%3D2ahUKEwjV78OA9un2AhWDy4sKHePeAUkQ6RN6BAgwEAE%5C%22%20target%3D%5C%22_blank%5C%22%3EYol%20Tarifi%3C%2Fa%3E%22%2C%22photo%22%3A%2217592%22%2C%22marker_style%22%3A%22circle_pulse%22%2C%22marker_color%22%3A%22%7B%5C%22id%5C%22%3A%5C%22Light%20text%20color%5C%22%2C%5C%22color%5C%22%3A%5C%22%2370727c%5C%22%7D%22%7D%2C%7B%22address%22%3A%22Talatpa%C5%9Fa%20Mah%2C%20Fatih%20Sultan%20Mehmet%20Cd.%20No%3A%206%2C%2034513%20Esenyurt%2F%C4%B0stanbul%22%2C%22infowindow%22%3A%22default%22%2C%22state%22%3A%22on_click%22%2C%22title%22%3A%22Esenyurt%20%C5%9Eube%22%2C%22description%22%3A%22%3Ca%20href%3D%5C%22https%3A%2F%2Fwww.google.com%2Fsearch%3Fq%3Dtema%2Bal%25C3%25BCminyum%2Besenyurt%26biw%3D1440%26bih%3D709%26sxsrf%3DAPq-WBsJTv0apP5zgMm0wRYiPoctjkdrRg%253A1648508967587%26ei%3DJ0BCYvXDI-yHwPAPwvedwAc%26ved%3D0ahUKEwi186-79un2AhXsAxAIHcJ7B3gQ4dUDCA4%26uact%3D5%26oq%3Dtema%2Bal%25C3%25BCminyum%2Besenyurt%26gs_lcp%3DCgdnd3Mtd2l6EAMyCwguEIAEEMcBEK8BMgIIJjoECCMQJzoECC4QQzoECAAQQzoLCAAQgAQQsQMQgwE6CgguEMcBEK8BEEM6EQguEIAEELEDEIMBEMcBENEDOg4ILhCABBCxAxDHARDRAzoOCC4QgAQQsQMQxwEQowI6FAguEIAEELEDEIMBEMcBEKMCENQCOggIABCABBCxAzoFCAAQgAQ6BwguELEDEEM6CAguEIAEELEDOgcIABCxAxBDOg4ILhCABBCxAxDHARCvAUoECEEYAUoECEYYAFCpB1jpIGCRImgDcAB4AIABhQGIAZIOkgEEMC4xNZgBAKABAcABAQ%5C%22%20target%3D%5C%22_blank%5C%22%3EYol%20Tarifi%3C%2Fa%3E%22%2C%22photo%22%3A%2217589%22%2C%22marker_style%22%3A%22circle_pulse%22%2C%22marker_color%22%3A%22%7B%5C%22id%5C%22%3A%5C%22Light%20text%20color%5C%22%2C%5C%22color%5C%22%3A%5C%22%2370727c%5C%22%7D%22%7D%5D&#8221; css_animation=&#8221;&#8221;][\/vc_scape_google_map][\/vc_column][\/vc_row][vc_row columns_placement=&#8221;middle&#8221; content_placement=&#8221;middle&#8221; nav_skin=&#8221;light&#8221; consent_include=&#8221;include&#8221; equal_height=&#8221;true&#8221; el_design=&#8221;{&#8220;desktop&#8220;:{&#8220;padding-top&#8220;:&#8220;30&#8220;}}&#8221;][vc_column width=&#8221;1\/3&#8243; css_animation=&#8221;&#8221;][vc_image_box image=&#8221;17590&#8243; aspect_ratio=&#8221;16:9&#8243; style=&#8221;style_1&#8243; radius=&#8221;4&#8243; title=&#8221;Gebze Headquarters&#8221; title_typography=&#8221;{&#8220;variants&#8220;:&#8220;800&#8220;}&#8221; preloader=&#8221;&#8221; css_animation=&#8221;&#8221;] Address: Bar\u0131\u015f Mahallesi G\u00fcney Yan Yol Caddesi No:338 Gebze\/KOCAEL\u0130 Phone: 444 57 20 Fax: +90 262 643 95 86 E-Mail: bilgi@temaaluminyum.com.tr [\/vc_image_box][\/vc_column][vc_column el_design=&#8221;{&#8220;desktop&#8220;:{&#8220;border-top-left-radius&#8220;:5,&#8220;border-top-right-radius&#8220;:5,&#8220;border-bottom-right-radius&#8220;:5,&#8220;border-bottom-left-radius&#8220;:5,&#8220;padding-top&#8220;:&#8220;25&#8220;,&#8220;padding-right&#8220;:&#8220;25&#8220;,&#8220;padding-bottom&#8220;:&#8220;25&#8220;,&#8220;padding-left&#8220;:&#8220;25&#8220;}}&#8221; width=&#8221;2\/3&#8243; css_animation=&#8221;&#8221; custom_bg_color=&#8221;{&#8220;dir&#8220;:&#8220;to top&#8220;,&#8220;from&#8220;:{&#8220;id&#8220;:&#8220;Light background&#8220;,&#8220;color&#8220;:&#8220;#f7f8fd&#8220;},&#8220;to&#8220;:{&#8220;id&#8220;:&#8220;Border color&#8220;,&#8220;color&#8220;:&#8220;#ecedf3&#8220;}}&#8221;][vc_empty_space][vc_message_box style=&#8221;style_modern&#8221; type=&#8221;informational&#8221; radius=&#8221;6&#8243; show_icon=&#8221;yes&#8221; show_dismiss=&#8221;no&#8221; css_animation=&#8221;&#8221; icon=&#8221;{&#8220;font&#8220;:&#8220;scape-basic&#8220;,&#8220;icon&#8220;:&#8220;scape-basic-Announcement&#8220;}&#8221;]As Tema [&hellip;]<\/p>\n","protected":false},"author":1,"featured_media":0,"parent":0,"menu_order":0,"comment_status":"closed","ping_status":"closed","template":"","meta":{"inline_featured_image":false,"footnotes":""},"class_list":["post-24550","page","type-page","status-publish","hentry"],"_links":{"self":[{"href":"https:\/\/temaaluminyum.com.tr\/en\/wp-json\/wp\/v2\/pages\/24550","targetHints":{"allow":["GET"]}}],"collection":[{"href":"https:\/\/temaaluminyum.com.tr\/en\/wp-json\/wp\/v2\/pages"}],"about":[{"href":"https:\/\/temaaluminyum.com.tr\/en\/wp-json\/wp\/v2\/types\/page"}],"author":[{"embeddable":true,"href":"https:\/\/temaaluminyum.com.tr\/en\/wp-json\/wp\/v2\/users\/1"}],"replies":[{"embeddable":true,"href":"https:\/\/temaaluminyum.com.tr\/en\/wp-json\/wp\/v2\/comments?post=24550"}],"version-history":[{"count":2,"href":"https:\/\/temaaluminyum.com.tr\/en\/wp-json\/wp\/v2\/pages\/24550\/revisions"}],"predecessor-version":[{"id":26247,"href":"https:\/\/temaaluminyum.com.tr\/en\/wp-json\/wp\/v2\/pages\/24550\/revisions\/26247"}],"wp:attachment":[{"href":"https:\/\/temaaluminyum.com.tr\/en\/wp-json\/wp\/v2\/media?parent=24550"}],"curies":[{"name":"wp","href":"https:\/\/api.w.org\/{rel}","templated":true}]}}