{"id":24620,"date":"2021-12-22T23:21:11","date_gmt":"2021-12-22T20:21:11","guid":{"rendered":"https:\/\/temaaluminyum.com.tr\/urunler\/soudal-silirub-no5-he-notr-dis-cephe-silikon-kartus-300ml\/"},"modified":"2021-12-22T23:21:11","modified_gmt":"2021-12-22T20:21:11","slug":"soudal-silirub-no5-he-notr-dis-cephe-silikon-kartus-300ml","status":"publish","type":"product","link":"https:\/\/temaaluminyum.com.tr\/en\/products\/soudal-silirub-no5-he-notr-dis-cephe-silikon-kartus-300ml\/","title":{"rendered":"Soudal S\u0131l\u0131rub No5-He Notr D\u0131\u015f Cephe Silikon Kartu\u015f 300Ml"},"content":{"rendered":"","protected":false},"excerpt":{"rendered":"<p><a class=\"temaonlinebutonu\" href=\"https:\/\/www.temaonline.com.tr\" target=_blank\" rel=\"noopener\">Sat\u0131n Al<\/a><\/p>\n","protected":false},"featured_media":20199,"template":"","meta":{"inline_featured_image":false},"product_cat":[335],"product_tag":[],"class_list":{"0":"post-24620","1":"product","2":"type-product","3":"status-publish","4":"has-post-thumbnail","6":"product_cat-neutral-facade-silicons","8":"first","9":"outofstock","10":"shipping-taxable","11":"purchasable","12":"product-type-variable"},"_links":{"self":[{"href":"https:\/\/temaaluminyum.com.tr\/en\/wp-json\/wp\/v2\/product\/24620","targetHints":{"allow":["GET"]}}],"collection":[{"href":"https:\/\/temaaluminyum.com.tr\/en\/wp-json\/wp\/v2\/product"}],"about":[{"href":"https:\/\/temaaluminyum.com.tr\/en\/wp-json\/wp\/v2\/types\/product"}],"wp:featuredmedia":[{"embeddable":true,"href":"https:\/\/temaaluminyum.com.tr\/en\/wp-json\/wp\/v2\/media\/20199"}],"wp:attachment":[{"href":"https:\/\/temaaluminyum.com.tr\/en\/wp-json\/wp\/v2\/media?parent=24620"}],"wp:term":[{"taxonomy":"product_cat","embeddable":true,"href":"https:\/\/temaaluminyum.com.tr\/en\/wp-json\/wp\/v2\/product_cat?post=24620"},{"taxonomy":"product_tag","embeddable":true,"href":"https:\/\/temaaluminyum.com.tr\/en\/wp-json\/wp\/v2\/product_tag?post=24620"}],"curies":[{"name":"wp","href":"https:\/\/api.w.org\/{rel}","templated":true}]}}