{"id":24638,"date":"2021-12-22T23:21:06","date_gmt":"2021-12-22T20:21:06","guid":{"rendered":"https:\/\/temaaluminyum.com.tr\/urunler\/sosis-tabancasi-600ml-cift-tuplu-soudal\/"},"modified":"2021-12-22T23:21:06","modified_gmt":"2021-12-22T20:21:06","slug":"sosis-tabancasi-600ml-cift-tuplu-soudal","status":"publish","type":"product","link":"https:\/\/temaaluminyum.com.tr\/en\/products\/sosis-tabancasi-600ml-cift-tuplu-soudal\/","title":{"rendered":"Sosis Tabancas\u0131 600Ml \u00c7ift T\u00fcpl\u00fc &#8211; Soudal"},"content":{"rendered":"","protected":false},"excerpt":{"rendered":"<p><a class=\"temaonlinebutonu\" href=\"https:\/\/www.temaonline.com.tr\" target=_blank\" rel=\"noopener\">Sat\u0131n Al<\/a><\/p>\n","protected":false},"featured_media":20176,"template":"","meta":{"inline_featured_image":false},"product_cat":[329],"product_tag":[],"class_list":{"0":"post-24638","1":"product","2":"type-product","3":"status-publish","4":"has-post-thumbnail","6":"product_cat-equipments","8":"first","9":"instock","10":"shipping-taxable","11":"product-type-simple"},"_links":{"self":[{"href":"https:\/\/temaaluminyum.com.tr\/en\/wp-json\/wp\/v2\/product\/24638","targetHints":{"allow":["GET"]}}],"collection":[{"href":"https:\/\/temaaluminyum.com.tr\/en\/wp-json\/wp\/v2\/product"}],"about":[{"href":"https:\/\/temaaluminyum.com.tr\/en\/wp-json\/wp\/v2\/types\/product"}],"wp:featuredmedia":[{"embeddable":true,"href":"https:\/\/temaaluminyum.com.tr\/en\/wp-json\/wp\/v2\/media\/20176"}],"wp:attachment":[{"href":"https:\/\/temaaluminyum.com.tr\/en\/wp-json\/wp\/v2\/media?parent=24638"}],"wp:term":[{"taxonomy":"product_cat","embeddable":true,"href":"https:\/\/temaaluminyum.com.tr\/en\/wp-json\/wp\/v2\/product_cat?post=24638"},{"taxonomy":"product_tag","embeddable":true,"href":"https:\/\/temaaluminyum.com.tr\/en\/wp-json\/wp\/v2\/product_tag?post=24638"}],"curies":[{"name":"wp","href":"https:\/\/api.w.org\/{rel}","templated":true}]}}