{"id":24642,"date":"2021-12-22T23:21:05","date_gmt":"2021-12-22T20:21:05","guid":{"rendered":"https:\/\/temaaluminyum.com.tr\/urunler\/soudal-multi-sprey-genios-pas-cozucu-400ml\/"},"modified":"2025-09-03T15:24:51","modified_gmt":"2025-09-03T12:24:51","slug":"soudal-multi-sprey-genios-pas-cozucu-400ml","status":"publish","type":"product","link":"https:\/\/temaaluminyum.com.tr\/en\/products\/soudal-multi-sprey-genios-pas-cozucu-400ml\/","title":{"rendered":"Soudal Multi Sprey Gen\u0131os Pas \u00c7\u00f6z\u00fcc\u00fc 400Ml"},"content":{"rendered":"","protected":false},"excerpt":{"rendered":"<p><a class=\"temaonlinebutonu\" href=\"https:\/\/www.temaonline.com.tr\" target=\"_blank&quot;\" rel=\"noopener\">Sat\u0131n Al<\/a><\/p>\n","protected":false},"featured_media":27104,"template":"","meta":{"inline_featured_image":false},"product_cat":[332],"product_tag":[],"class_list":{"0":"post-24642","1":"product","2":"type-product","3":"status-publish","4":"has-post-thumbnail","6":"product_cat-general-purpose-sprays","8":"first","9":"instock","10":"shipping-taxable","11":"product-type-simple"},"_links":{"self":[{"href":"https:\/\/temaaluminyum.com.tr\/en\/wp-json\/wp\/v2\/product\/24642","targetHints":{"allow":["GET"]}}],"collection":[{"href":"https:\/\/temaaluminyum.com.tr\/en\/wp-json\/wp\/v2\/product"}],"about":[{"href":"https:\/\/temaaluminyum.com.tr\/en\/wp-json\/wp\/v2\/types\/product"}],"wp:featuredmedia":[{"embeddable":true,"href":"https:\/\/temaaluminyum.com.tr\/en\/wp-json\/wp\/v2\/media\/27104"}],"wp:attachment":[{"href":"https:\/\/temaaluminyum.com.tr\/en\/wp-json\/wp\/v2\/media?parent=24642"}],"wp:term":[{"taxonomy":"product_cat","embeddable":true,"href":"https:\/\/temaaluminyum.com.tr\/en\/wp-json\/wp\/v2\/product_cat?post=24642"},{"taxonomy":"product_tag","embeddable":true,"href":"https:\/\/temaaluminyum.com.tr\/en\/wp-json\/wp\/v2\/product_tag?post=24642"}],"curies":[{"name":"wp","href":"https:\/\/api.w.org\/{rel}","templated":true}]}}