{"id":24651,"date":"2021-12-22T23:21:04","date_gmt":"2021-12-22T20:21:04","guid":{"rendered":"https:\/\/temaaluminyum.com.tr\/urunler\/soudal-purocol-express-d4-yapistirici-kartus-310ml-seffaf\/"},"modified":"2021-12-22T23:21:04","modified_gmt":"2021-12-22T20:21:04","slug":"soudal-purocol-express-d4-yapistirici-kartus-310ml-seffaf","status":"publish","type":"product","link":"https:\/\/temaaluminyum.com.tr\/en\/products\/soudal-purocol-express-d4-yapistirici-kartus-310ml-seffaf\/","title":{"rendered":"Soudal Purocol Express D4 Yap\u0131\u015ft\u0131r\u0131c\u0131 Kartu\u015f 310Ml &#8211; \u015eeffaf"},"content":{"rendered":"","protected":false},"excerpt":{"rendered":"<p><a class=\"temaonlinebutonu\" href=\"https:\/\/www.temaonline.com.tr\" target=_blank\" rel=\"noopener\">Sat\u0131n Al<\/a><\/p>\n","protected":false},"featured_media":20194,"template":"","meta":{"inline_featured_image":false},"product_cat":[342],"product_tag":[],"class_list":{"0":"post-24651","1":"product","2":"type-product","3":"status-publish","4":"has-post-thumbnail","6":"product_cat-adhesives-and-cleaners","8":"first","9":"instock","10":"shipping-taxable","11":"product-type-simple"},"_links":{"self":[{"href":"https:\/\/temaaluminyum.com.tr\/en\/wp-json\/wp\/v2\/product\/24651","targetHints":{"allow":["GET"]}}],"collection":[{"href":"https:\/\/temaaluminyum.com.tr\/en\/wp-json\/wp\/v2\/product"}],"about":[{"href":"https:\/\/temaaluminyum.com.tr\/en\/wp-json\/wp\/v2\/types\/product"}],"wp:featuredmedia":[{"embeddable":true,"href":"https:\/\/temaaluminyum.com.tr\/en\/wp-json\/wp\/v2\/media\/20194"}],"wp:attachment":[{"href":"https:\/\/temaaluminyum.com.tr\/en\/wp-json\/wp\/v2\/media?parent=24651"}],"wp:term":[{"taxonomy":"product_cat","embeddable":true,"href":"https:\/\/temaaluminyum.com.tr\/en\/wp-json\/wp\/v2\/product_cat?post=24651"},{"taxonomy":"product_tag","embeddable":true,"href":"https:\/\/temaaluminyum.com.tr\/en\/wp-json\/wp\/v2\/product_tag?post=24651"}],"curies":[{"name":"wp","href":"https:\/\/api.w.org\/{rel}","templated":true}]}}