{"id":24747,"date":"2021-12-22T23:20:36","date_gmt":"2021-12-22T20:20:36","guid":{"rendered":"https:\/\/temaaluminyum.com.tr\/urunler\/kare-duvar-flansi-icten-vidali-2560-yandan-cam-kanalli\/"},"modified":"2021-12-22T23:20:36","modified_gmt":"2021-12-22T20:20:36","slug":"kare-duvar-flansi-icten-vidali-2560-yandan-cam-kanalli","status":"publish","type":"product","link":"https:\/\/temaaluminyum.com.tr\/en\/products\/kare-duvar-flansi-icten-vidali-2560-yandan-cam-kanalli\/","title":{"rendered":"Kare Duvar Flan\u015f\u0131 \u0130\u00e7ten Vidal\u0131 25*60 Yandan Cam Kanall\u0131"},"content":{"rendered":"","protected":false},"excerpt":{"rendered":"<p><a class=\"temaonlinebutonu\" href=\"https:\/\/www.temaonline.com.tr\" target=_blank\" rel=\"noopener\">Sat\u0131n Al<\/a><\/p>\n","protected":false},"featured_media":19754,"template":"","meta":{"inline_featured_image":false},"product_cat":[413],"product_tag":[],"class_list":{"0":"post-24747","1":"product","2":"type-product","3":"status-publish","4":"has-post-thumbnail","6":"product_cat-rectangular-railing","8":"first","9":"outofstock","10":"shipping-taxable","11":"purchasable","12":"product-type-variable"},"_links":{"self":[{"href":"https:\/\/temaaluminyum.com.tr\/en\/wp-json\/wp\/v2\/product\/24747","targetHints":{"allow":["GET"]}}],"collection":[{"href":"https:\/\/temaaluminyum.com.tr\/en\/wp-json\/wp\/v2\/product"}],"about":[{"href":"https:\/\/temaaluminyum.com.tr\/en\/wp-json\/wp\/v2\/types\/product"}],"wp:featuredmedia":[{"embeddable":true,"href":"https:\/\/temaaluminyum.com.tr\/en\/wp-json\/wp\/v2\/media\/19754"}],"wp:attachment":[{"href":"https:\/\/temaaluminyum.com.tr\/en\/wp-json\/wp\/v2\/media?parent=24747"}],"wp:term":[{"taxonomy":"product_cat","embeddable":true,"href":"https:\/\/temaaluminyum.com.tr\/en\/wp-json\/wp\/v2\/product_cat?post=24747"},{"taxonomy":"product_tag","embeddable":true,"href":"https:\/\/temaaluminyum.com.tr\/en\/wp-json\/wp\/v2\/product_tag?post=24747"}],"curies":[{"name":"wp","href":"https:\/\/api.w.org\/{rel}","templated":true}]}}