{"id":24803,"date":"2021-12-22T23:20:15","date_gmt":"2021-12-22T20:20:15","guid":{"rendered":"https:\/\/temaaluminyum.com.tr\/urunler\/kare-kose-baglanti-takimi-hareketli-pres\/"},"modified":"2021-12-22T23:20:15","modified_gmt":"2021-12-22T20:20:15","slug":"kare-kose-baglanti-takimi-hareketli-pres","status":"publish","type":"product","link":"https:\/\/temaaluminyum.com.tr\/en\/products\/kare-kose-baglanti-takimi-hareketli-pres\/","title":{"rendered":"Kare K\u00f6\u015fe Ba\u011flant\u0131 Tak\u0131m\u0131 Hareketli &#8211; Pres"},"content":{"rendered":"","protected":false},"excerpt":{"rendered":"<p><a class=\"temaonlinebutonu\" href=\"https:\/\/www.temaonline.com.tr\" target=_blank\" rel=\"noopener\">Sat\u0131n Al<\/a><\/p>\n","protected":false},"featured_media":19757,"template":"","meta":{"inline_featured_image":false},"product_cat":[413],"product_tag":[],"class_list":{"0":"post-24803","1":"product","2":"type-product","3":"status-publish","4":"has-post-thumbnail","6":"product_cat-rectangular-railing","8":"first","9":"instock","10":"shipping-taxable","11":"product-type-simple"},"_links":{"self":[{"href":"https:\/\/temaaluminyum.com.tr\/en\/wp-json\/wp\/v2\/product\/24803","targetHints":{"allow":["GET"]}}],"collection":[{"href":"https:\/\/temaaluminyum.com.tr\/en\/wp-json\/wp\/v2\/product"}],"about":[{"href":"https:\/\/temaaluminyum.com.tr\/en\/wp-json\/wp\/v2\/types\/product"}],"wp:featuredmedia":[{"embeddable":true,"href":"https:\/\/temaaluminyum.com.tr\/en\/wp-json\/wp\/v2\/media\/19757"}],"wp:attachment":[{"href":"https:\/\/temaaluminyum.com.tr\/en\/wp-json\/wp\/v2\/media?parent=24803"}],"wp:term":[{"taxonomy":"product_cat","embeddable":true,"href":"https:\/\/temaaluminyum.com.tr\/en\/wp-json\/wp\/v2\/product_cat?post=24803"},{"taxonomy":"product_tag","embeddable":true,"href":"https:\/\/temaaluminyum.com.tr\/en\/wp-json\/wp\/v2\/product_tag?post=24803"}],"curies":[{"name":"wp","href":"https:\/\/api.w.org\/{rel}","templated":true}]}}