{"id":24806,"date":"2021-12-22T23:20:15","date_gmt":"2021-12-22T20:20:15","guid":{"rendered":"https:\/\/temaaluminyum.com.tr\/urunler\/yer-flansi-40-lik-dekorlu-parlak\/"},"modified":"2021-12-22T23:20:15","modified_gmt":"2021-12-22T20:20:15","slug":"yer-flansi-40-lik-dekorlu-parlak","status":"publish","type":"product","link":"https:\/\/temaaluminyum.com.tr\/en\/products\/yer-flansi-40-lik-dekorlu-parlak\/","title":{"rendered":"Yer Flan\u015f\u0131 40 L\u0131k Dekorlu &#8211; Parlak"},"content":{"rendered":"","protected":false},"excerpt":{"rendered":"<p><a class=\"temaonlinebutonu\" href=\"https:\/\/www.temaonline.com.tr\" target=_blank\" rel=\"noopener\">Sat\u0131n Al<\/a><\/p>\n","protected":false},"featured_media":20559,"template":"","meta":{"inline_featured_image":false},"product_cat":[414],"product_tag":[],"class_list":{"0":"post-24806","1":"product","2":"type-product","3":"status-publish","4":"has-post-thumbnail","6":"product_cat-elliptical-railing","8":"first","9":"instock","10":"shipping-taxable","11":"product-type-simple"},"_links":{"self":[{"href":"https:\/\/temaaluminyum.com.tr\/en\/wp-json\/wp\/v2\/product\/24806","targetHints":{"allow":["GET"]}}],"collection":[{"href":"https:\/\/temaaluminyum.com.tr\/en\/wp-json\/wp\/v2\/product"}],"about":[{"href":"https:\/\/temaaluminyum.com.tr\/en\/wp-json\/wp\/v2\/types\/product"}],"wp:featuredmedia":[{"embeddable":true,"href":"https:\/\/temaaluminyum.com.tr\/en\/wp-json\/wp\/v2\/media\/20559"}],"wp:attachment":[{"href":"https:\/\/temaaluminyum.com.tr\/en\/wp-json\/wp\/v2\/media?parent=24806"}],"wp:term":[{"taxonomy":"product_cat","embeddable":true,"href":"https:\/\/temaaluminyum.com.tr\/en\/wp-json\/wp\/v2\/product_cat?post=24806"},{"taxonomy":"product_tag","embeddable":true,"href":"https:\/\/temaaluminyum.com.tr\/en\/wp-json\/wp\/v2\/product_tag?post=24806"}],"curies":[{"name":"wp","href":"https:\/\/api.w.org\/{rel}","templated":true}]}}