{"id":24846,"date":"2021-12-22T23:20:00","date_gmt":"2021-12-22T20:20:00","guid":{"rendered":"https:\/\/temaaluminyum.com.tr\/urunler\/distan-takma-elektrikli-tirajli-uzun-barelli-kilit-yt\/"},"modified":"2021-12-22T23:20:00","modified_gmt":"2021-12-22T20:20:00","slug":"distan-takma-elektrikli-tirajli-uzun-barelli-kilit-yt","status":"publish","type":"product","link":"https:\/\/temaaluminyum.com.tr\/en\/products\/distan-takma-elektrikli-tirajli-uzun-barelli-kilit-yt\/","title":{"rendered":"D\u0131\u015ftan Takma Elektrikli T\u0131rajl\u0131 Uzun Barelli Kilit Yt"},"content":{"rendered":"","protected":false},"excerpt":{"rendered":"<p><a class=\"temaonlinebutonu\" href=\"https:\/\/www.temaonline.com.tr\" target=_blank\" rel=\"noopener\">Sat\u0131n Al<\/a><\/p>\n","protected":false},"featured_media":19593,"template":"","meta":{"inline_featured_image":false},"product_cat":[412],"product_tag":[],"class_list":{"0":"post-24846","1":"product","2":"type-product","3":"status-publish","4":"has-post-thumbnail","6":"product_cat-locks","8":"first","9":"instock","10":"shipping-taxable","11":"product-type-simple"},"_links":{"self":[{"href":"https:\/\/temaaluminyum.com.tr\/en\/wp-json\/wp\/v2\/product\/24846","targetHints":{"allow":["GET"]}}],"collection":[{"href":"https:\/\/temaaluminyum.com.tr\/en\/wp-json\/wp\/v2\/product"}],"about":[{"href":"https:\/\/temaaluminyum.com.tr\/en\/wp-json\/wp\/v2\/types\/product"}],"wp:featuredmedia":[{"embeddable":true,"href":"https:\/\/temaaluminyum.com.tr\/en\/wp-json\/wp\/v2\/media\/19593"}],"wp:attachment":[{"href":"https:\/\/temaaluminyum.com.tr\/en\/wp-json\/wp\/v2\/media?parent=24846"}],"wp:term":[{"taxonomy":"product_cat","embeddable":true,"href":"https:\/\/temaaluminyum.com.tr\/en\/wp-json\/wp\/v2\/product_cat?post=24846"},{"taxonomy":"product_tag","embeddable":true,"href":"https:\/\/temaaluminyum.com.tr\/en\/wp-json\/wp\/v2\/product_tag?post=24846"}],"curies":[{"name":"wp","href":"https:\/\/api.w.org\/{rel}","templated":true}]}}