{"id":24862,"date":"2021-12-22T23:19:59","date_gmt":"2021-12-22T20:19:59","guid":{"rendered":"https:\/\/temaaluminyum.com.tr\/urunler\/357-m-otomatik-distan-takma-elektrikli-tirajli-kilit-siyah-kale\/"},"modified":"2021-12-22T23:19:59","modified_gmt":"2021-12-22T20:19:59","slug":"357-m-otomatik-distan-takma-elektrikli-tirajli-kilit-siyah-kale","status":"publish","type":"product","link":"https:\/\/temaaluminyum.com.tr\/en\/products\/357-m-otomatik-distan-takma-elektrikli-tirajli-kilit-siyah-kale\/","title":{"rendered":"357 M Otomatik D\u0131\u015ftan Takma Elektrikli T\u0131rajl\u0131 Kilit Siyah &#8211; Kale"},"content":{"rendered":"","protected":false},"excerpt":{"rendered":"<p><a class=\"temaonlinebutonu\" href=\"https:\/\/www.temaonline.com.tr\" target=_blank\" rel=\"noopener\">Sat\u0131n Al<\/a><\/p>\n","protected":false},"featured_media":18885,"template":"","meta":{"inline_featured_image":false},"product_cat":[412],"product_tag":[],"class_list":{"0":"post-24862","1":"product","2":"type-product","3":"status-publish","4":"has-post-thumbnail","6":"product_cat-locks","8":"first","9":"instock","10":"shipping-taxable","11":"product-type-simple"},"_links":{"self":[{"href":"https:\/\/temaaluminyum.com.tr\/en\/wp-json\/wp\/v2\/product\/24862","targetHints":{"allow":["GET"]}}],"collection":[{"href":"https:\/\/temaaluminyum.com.tr\/en\/wp-json\/wp\/v2\/product"}],"about":[{"href":"https:\/\/temaaluminyum.com.tr\/en\/wp-json\/wp\/v2\/types\/product"}],"wp:featuredmedia":[{"embeddable":true,"href":"https:\/\/temaaluminyum.com.tr\/en\/wp-json\/wp\/v2\/media\/18885"}],"wp:attachment":[{"href":"https:\/\/temaaluminyum.com.tr\/en\/wp-json\/wp\/v2\/media?parent=24862"}],"wp:term":[{"taxonomy":"product_cat","embeddable":true,"href":"https:\/\/temaaluminyum.com.tr\/en\/wp-json\/wp\/v2\/product_cat?post=24862"},{"taxonomy":"product_tag","embeddable":true,"href":"https:\/\/temaaluminyum.com.tr\/en\/wp-json\/wp\/v2\/product_tag?post=24862"}],"curies":[{"name":"wp","href":"https:\/\/api.w.org\/{rel}","templated":true}]}}