{"id":24970,"date":"2021-12-22T23:19:31","date_gmt":"2021-12-22T20:19:31","guid":{"rendered":"https:\/\/temaaluminyum.com.tr\/urunler\/mano-tekerlekli-takim-cantasi\/"},"modified":"2021-12-22T23:19:31","modified_gmt":"2021-12-22T20:19:31","slug":"mano-tekerlekli-takim-cantasi","status":"publish","type":"product","link":"https:\/\/temaaluminyum.com.tr\/en\/products\/mano-tekerlekli-takim-cantasi\/","title":{"rendered":"Mano Tekerlekli Tak\u0131m \u00c7antas\u0131"},"content":{"rendered":"","protected":false},"excerpt":{"rendered":"<p><a class=\"temaonlinebutonu\" href=\"https:\/\/www.temaonline.com.tr\" target=_blank\" rel=\"noopener\">Sat\u0131n Al<\/a><\/p>\n","protected":false},"featured_media":19820,"template":"","meta":{"inline_featured_image":false},"product_cat":[403],"product_tag":[],"class_list":{"0":"post-24970","1":"product","2":"type-product","3":"status-publish","4":"has-post-thumbnail","6":"product_cat-general-hardwares","8":"first","9":"instock","10":"shipping-taxable","11":"product-type-simple"},"_links":{"self":[{"href":"https:\/\/temaaluminyum.com.tr\/en\/wp-json\/wp\/v2\/product\/24970","targetHints":{"allow":["GET"]}}],"collection":[{"href":"https:\/\/temaaluminyum.com.tr\/en\/wp-json\/wp\/v2\/product"}],"about":[{"href":"https:\/\/temaaluminyum.com.tr\/en\/wp-json\/wp\/v2\/types\/product"}],"wp:featuredmedia":[{"embeddable":true,"href":"https:\/\/temaaluminyum.com.tr\/en\/wp-json\/wp\/v2\/media\/19820"}],"wp:attachment":[{"href":"https:\/\/temaaluminyum.com.tr\/en\/wp-json\/wp\/v2\/media?parent=24970"}],"wp:term":[{"taxonomy":"product_cat","embeddable":true,"href":"https:\/\/temaaluminyum.com.tr\/en\/wp-json\/wp\/v2\/product_cat?post=24970"},{"taxonomy":"product_tag","embeddable":true,"href":"https:\/\/temaaluminyum.com.tr\/en\/wp-json\/wp\/v2\/product_tag?post=24970"}],"curies":[{"name":"wp","href":"https:\/\/api.w.org\/{rel}","templated":true}]}}