{"id":24992,"date":"2021-12-22T23:19:23","date_gmt":"2021-12-22T20:19:23","guid":{"rendered":"https:\/\/temaaluminyum.com.tr\/urunler\/alyan-takimi-luks\/"},"modified":"2021-12-22T23:19:23","modified_gmt":"2021-12-22T20:19:23","slug":"alyan-takimi-luks","status":"publish","type":"product","link":"https:\/\/temaaluminyum.com.tr\/en\/products\/alyan-takimi-luks\/","title":{"rendered":"Alyan Tak\u0131m\u0131 &#8211; L\u00fcks"},"content":{"rendered":"","protected":false},"excerpt":{"rendered":"<p><a class=\"temaonlinebutonu\" href=\"https:\/\/www.temaonline.com.tr\" target=_blank\" rel=\"noopener\">Sat\u0131n Al<\/a><\/p>\n","protected":false},"featured_media":18885,"template":"","meta":{"inline_featured_image":false},"product_cat":[403],"product_tag":[],"class_list":{"0":"post-24992","1":"product","2":"type-product","3":"status-publish","4":"has-post-thumbnail","6":"product_cat-general-hardwares","8":"first","9":"instock","10":"shipping-taxable","11":"product-type-simple"},"_links":{"self":[{"href":"https:\/\/temaaluminyum.com.tr\/en\/wp-json\/wp\/v2\/product\/24992","targetHints":{"allow":["GET"]}}],"collection":[{"href":"https:\/\/temaaluminyum.com.tr\/en\/wp-json\/wp\/v2\/product"}],"about":[{"href":"https:\/\/temaaluminyum.com.tr\/en\/wp-json\/wp\/v2\/types\/product"}],"wp:featuredmedia":[{"embeddable":true,"href":"https:\/\/temaaluminyum.com.tr\/en\/wp-json\/wp\/v2\/media\/18885"}],"wp:attachment":[{"href":"https:\/\/temaaluminyum.com.tr\/en\/wp-json\/wp\/v2\/media?parent=24992"}],"wp:term":[{"taxonomy":"product_cat","embeddable":true,"href":"https:\/\/temaaluminyum.com.tr\/en\/wp-json\/wp\/v2\/product_cat?post=24992"},{"taxonomy":"product_tag","embeddable":true,"href":"https:\/\/temaaluminyum.com.tr\/en\/wp-json\/wp\/v2\/product_tag?post=24992"}],"curies":[{"name":"wp","href":"https:\/\/api.w.org\/{rel}","templated":true}]}}