{"id":25015,"date":"2021-12-22T23:19:20","date_gmt":"2021-12-22T20:19:20","guid":{"rendered":"https:\/\/temaaluminyum.com.tr\/urunler\/mano-metal-kilitli-takim-cantasi\/"},"modified":"2021-12-22T23:19:20","modified_gmt":"2021-12-22T20:19:20","slug":"mano-metal-kilitli-takim-cantasi","status":"publish","type":"product","link":"https:\/\/temaaluminyum.com.tr\/en\/products\/mano-metal-kilitli-takim-cantasi\/","title":{"rendered":"Mano Metal Kilitli Tak\u0131m \u00c7antas\u0131"},"content":{"rendered":"","protected":false},"excerpt":{"rendered":"<p><a class=\"temaonlinebutonu\" href=\"https:\/\/www.temaonline.com.tr\" target=_blank\" rel=\"noopener\">Sat\u0131n Al<\/a><\/p>\n","protected":false},"featured_media":19819,"template":"","meta":{"inline_featured_image":false},"product_cat":[403],"product_tag":[],"class_list":{"0":"post-25015","1":"product","2":"type-product","3":"status-publish","4":"has-post-thumbnail","6":"product_cat-general-hardwares","8":"first","9":"outofstock","10":"shipping-taxable","11":"purchasable","12":"product-type-variable"},"_links":{"self":[{"href":"https:\/\/temaaluminyum.com.tr\/en\/wp-json\/wp\/v2\/product\/25015","targetHints":{"allow":["GET"]}}],"collection":[{"href":"https:\/\/temaaluminyum.com.tr\/en\/wp-json\/wp\/v2\/product"}],"about":[{"href":"https:\/\/temaaluminyum.com.tr\/en\/wp-json\/wp\/v2\/types\/product"}],"wp:featuredmedia":[{"embeddable":true,"href":"https:\/\/temaaluminyum.com.tr\/en\/wp-json\/wp\/v2\/media\/19819"}],"wp:attachment":[{"href":"https:\/\/temaaluminyum.com.tr\/en\/wp-json\/wp\/v2\/media?parent=25015"}],"wp:term":[{"taxonomy":"product_cat","embeddable":true,"href":"https:\/\/temaaluminyum.com.tr\/en\/wp-json\/wp\/v2\/product_cat?post=25015"},{"taxonomy":"product_tag","embeddable":true,"href":"https:\/\/temaaluminyum.com.tr\/en\/wp-json\/wp\/v2\/product_tag?post=25015"}],"curies":[{"name":"wp","href":"https:\/\/api.w.org\/{rel}","templated":true}]}}