{"id":25035,"date":"2021-12-22T23:19:13","date_gmt":"2021-12-22T20:19:13","guid":{"rendered":"https:\/\/temaaluminyum.com.tr\/urunler\/tirpan-misinasi-sari-altikose-3-3mm46m-rtrmax\/"},"modified":"2021-12-22T23:19:13","modified_gmt":"2021-12-22T20:19:13","slug":"tirpan-misinasi-sari-altikose-3-3mm46m-rtrmax","status":"publish","type":"product","link":"https:\/\/temaaluminyum.com.tr\/en\/products\/tirpan-misinasi-sari-altikose-3-3mm46m-rtrmax\/","title":{"rendered":"T\u0131rpan Misinas\u0131 Sar\u0131 Alt\u0131k\u00f6\u015fe 3.3Mm*46M Rtrmax"},"content":{"rendered":"","protected":false},"excerpt":{"rendered":"<p><a class=\"temaonlinebutonu\" href=\"https:\/\/www.temaonline.com.tr\" target=_blank\" rel=\"noopener\">Sat\u0131n Al<\/a><\/p>\n","protected":false},"featured_media":20506,"template":"","meta":{"inline_featured_image":false},"product_cat":[370],"product_tag":[],"class_list":{"0":"post-25035","1":"product","2":"type-product","3":"status-publish","4":"has-post-thumbnail","6":"product_cat-line-accessories","8":"first","9":"instock","10":"shipping-taxable","11":"product-type-simple"},"_links":{"self":[{"href":"https:\/\/temaaluminyum.com.tr\/en\/wp-json\/wp\/v2\/product\/25035","targetHints":{"allow":["GET"]}}],"collection":[{"href":"https:\/\/temaaluminyum.com.tr\/en\/wp-json\/wp\/v2\/product"}],"about":[{"href":"https:\/\/temaaluminyum.com.tr\/en\/wp-json\/wp\/v2\/types\/product"}],"wp:featuredmedia":[{"embeddable":true,"href":"https:\/\/temaaluminyum.com.tr\/en\/wp-json\/wp\/v2\/media\/20506"}],"wp:attachment":[{"href":"https:\/\/temaaluminyum.com.tr\/en\/wp-json\/wp\/v2\/media?parent=25035"}],"wp:term":[{"taxonomy":"product_cat","embeddable":true,"href":"https:\/\/temaaluminyum.com.tr\/en\/wp-json\/wp\/v2\/product_cat?post=25035"},{"taxonomy":"product_tag","embeddable":true,"href":"https:\/\/temaaluminyum.com.tr\/en\/wp-json\/wp\/v2\/product_tag?post=25035"}],"curies":[{"name":"wp","href":"https:\/\/api.w.org\/{rel}","templated":true}]}}