{"id":25065,"date":"2021-12-22T23:19:06","date_gmt":"2021-12-22T20:19:06","guid":{"rendered":"https:\/\/temaaluminyum.com.tr\/urunler\/havali-civi-cakma-tabancasi-10-50mm-cantali-rtrmax\/"},"modified":"2021-12-22T23:19:06","modified_gmt":"2021-12-22T20:19:06","slug":"havali-civi-cakma-tabancasi-10-50mm-cantali-rtrmax","status":"publish","type":"product","link":"https:\/\/temaaluminyum.com.tr\/en\/products\/havali-civi-cakma-tabancasi-10-50mm-cantali-rtrmax\/","title":{"rendered":"Haval\u0131 \u00c7ivi \u00c7akma Tabancas\u0131 10-50Mm \u00c7antal\u0131 Rtrmax"},"content":{"rendered":"","protected":false},"excerpt":{"rendered":"<p><a class=\"temaonlinebutonu\" href=\"https:\/\/www.temaonline.com.tr\" target=_blank\" rel=\"noopener\">Sat\u0131n Al<\/a><\/p>\n","protected":false},"featured_media":19660,"template":"","meta":{"inline_featured_image":false},"product_cat":[397],"product_tag":[],"class_list":{"0":"post-25065","1":"product","2":"type-product","3":"status-publish","4":"has-post-thumbnail","6":"product_cat-guns","8":"first","9":"instock","10":"shipping-taxable","11":"product-type-simple"},"_links":{"self":[{"href":"https:\/\/temaaluminyum.com.tr\/en\/wp-json\/wp\/v2\/product\/25065","targetHints":{"allow":["GET"]}}],"collection":[{"href":"https:\/\/temaaluminyum.com.tr\/en\/wp-json\/wp\/v2\/product"}],"about":[{"href":"https:\/\/temaaluminyum.com.tr\/en\/wp-json\/wp\/v2\/types\/product"}],"wp:featuredmedia":[{"embeddable":true,"href":"https:\/\/temaaluminyum.com.tr\/en\/wp-json\/wp\/v2\/media\/19660"}],"wp:attachment":[{"href":"https:\/\/temaaluminyum.com.tr\/en\/wp-json\/wp\/v2\/media?parent=25065"}],"wp:term":[{"taxonomy":"product_cat","embeddable":true,"href":"https:\/\/temaaluminyum.com.tr\/en\/wp-json\/wp\/v2\/product_cat?post=25065"},{"taxonomy":"product_tag","embeddable":true,"href":"https:\/\/temaaluminyum.com.tr\/en\/wp-json\/wp\/v2\/product_tag?post=25065"}],"curies":[{"name":"wp","href":"https:\/\/api.w.org\/{rel}","templated":true}]}}