{"id":25071,"date":"2021-12-22T23:19:05","date_gmt":"2021-12-22T20:19:05","guid":{"rendered":"https:\/\/temaaluminyum.com.tr\/urunler\/boyali-cirpi-ipi-seti-rtrmax\/"},"modified":"2021-12-22T23:19:05","modified_gmt":"2021-12-22T20:19:05","slug":"boyali-cirpi-ipi-seti-rtrmax","status":"publish","type":"product","link":"https:\/\/temaaluminyum.com.tr\/en\/products\/boyali-cirpi-ipi-seti-rtrmax\/","title":{"rendered":"Boyal\u0131 \u00c7\u0131rp\u0131 \u0130pi Seti Rtrmax"},"content":{"rendered":"","protected":false},"excerpt":{"rendered":"<p><a class=\"temaonlinebutonu\" href=\"https:\/\/www.temaonline.com.tr\" target=_blank\" rel=\"noopener\">Sat\u0131n Al<\/a><\/p>\n","protected":false},"featured_media":19464,"template":"","meta":{"inline_featured_image":false},"product_cat":[380],"product_tag":[],"class_list":{"0":"post-25071","1":"product","2":"type-product","3":"status-publish","4":"has-post-thumbnail","6":"product_cat-measurement-tools","8":"first","9":"instock","10":"shipping-taxable","11":"product-type-simple"},"_links":{"self":[{"href":"https:\/\/temaaluminyum.com.tr\/en\/wp-json\/wp\/v2\/product\/25071","targetHints":{"allow":["GET"]}}],"collection":[{"href":"https:\/\/temaaluminyum.com.tr\/en\/wp-json\/wp\/v2\/product"}],"about":[{"href":"https:\/\/temaaluminyum.com.tr\/en\/wp-json\/wp\/v2\/types\/product"}],"wp:featuredmedia":[{"embeddable":true,"href":"https:\/\/temaaluminyum.com.tr\/en\/wp-json\/wp\/v2\/media\/19464"}],"wp:attachment":[{"href":"https:\/\/temaaluminyum.com.tr\/en\/wp-json\/wp\/v2\/media?parent=25071"}],"wp:term":[{"taxonomy":"product_cat","embeddable":true,"href":"https:\/\/temaaluminyum.com.tr\/en\/wp-json\/wp\/v2\/product_cat?post=25071"},{"taxonomy":"product_tag","embeddable":true,"href":"https:\/\/temaaluminyum.com.tr\/en\/wp-json\/wp\/v2\/product_tag?post=25071"}],"curies":[{"name":"wp","href":"https:\/\/api.w.org\/{rel}","templated":true}]}}