{"id":25079,"date":"2021-12-22T23:19:00","date_gmt":"2021-12-22T20:19:00","guid":{"rendered":"https:\/\/temaaluminyum.com.tr\/urunler\/akulu-matkap-12v-13a-li-ion-cift-aku-rtrmax\/"},"modified":"2021-12-22T23:19:00","modified_gmt":"2021-12-22T20:19:00","slug":"akulu-matkap-12v-13a-li-ion-cift-aku-rtrmax","status":"publish","type":"product","link":"https:\/\/temaaluminyum.com.tr\/en\/products\/akulu-matkap-12v-13a-li-ion-cift-aku-rtrmax\/","title":{"rendered":"Ak\u00fcl\u00fc Matkap 12V\/1,3A Li-\u0130on \u00c7ift Ak\u00fc Rtrmax"},"content":{"rendered":"","protected":false},"excerpt":{"rendered":"<p><a class=\"temaonlinebutonu\" href=\"https:\/\/www.temaonline.com.tr\" target=_blank\" rel=\"noopener\">Sat\u0131n Al<\/a><\/p>\n","protected":false},"featured_media":19350,"template":"","meta":{"inline_featured_image":false},"product_cat":[393],"product_tag":[],"class_list":{"0":"post-25079","1":"product","2":"type-product","3":"status-publish","4":"has-post-thumbnail","6":"product_cat-cordless-screwdriver","8":"first","9":"instock","10":"shipping-taxable","11":"product-type-simple"},"_links":{"self":[{"href":"https:\/\/temaaluminyum.com.tr\/en\/wp-json\/wp\/v2\/product\/25079","targetHints":{"allow":["GET"]}}],"collection":[{"href":"https:\/\/temaaluminyum.com.tr\/en\/wp-json\/wp\/v2\/product"}],"about":[{"href":"https:\/\/temaaluminyum.com.tr\/en\/wp-json\/wp\/v2\/types\/product"}],"wp:featuredmedia":[{"embeddable":true,"href":"https:\/\/temaaluminyum.com.tr\/en\/wp-json\/wp\/v2\/media\/19350"}],"wp:attachment":[{"href":"https:\/\/temaaluminyum.com.tr\/en\/wp-json\/wp\/v2\/media?parent=25079"}],"wp:term":[{"taxonomy":"product_cat","embeddable":true,"href":"https:\/\/temaaluminyum.com.tr\/en\/wp-json\/wp\/v2\/product_cat?post=25079"},{"taxonomy":"product_tag","embeddable":true,"href":"https:\/\/temaaluminyum.com.tr\/en\/wp-json\/wp\/v2\/product_tag?post=25079"}],"curies":[{"name":"wp","href":"https:\/\/api.w.org\/{rel}","templated":true}]}}