{"id":25095,"date":"2021-12-22T23:18:59","date_gmt":"2021-12-22T20:18:59","guid":{"rendered":"https:\/\/temaaluminyum.com.tr\/urunler\/akulu-cim-ve-topiari-makasi-18v-2ah-rtrmax-x-lion\/"},"modified":"2021-12-22T23:18:59","modified_gmt":"2021-12-22T20:18:59","slug":"akulu-cim-ve-topiari-makasi-18v-2ah-rtrmax-x-lion","status":"publish","type":"product","link":"https:\/\/temaaluminyum.com.tr\/en\/products\/akulu-cim-ve-topiari-makasi-18v-2ah-rtrmax-x-lion\/","title":{"rendered":"Ak\u00fcl\u00fc \u00c7im Ve Topiari Makas\u0131 18V, 2Ah Rtrmax X-L\u0131on"},"content":{"rendered":"","protected":false},"excerpt":{"rendered":"<p><a class=\"temaonlinebutonu\" href=\"https:\/\/www.temaonline.com.tr\" target=_blank\" rel=\"noopener\">Sat\u0131n Al<\/a><\/p>\n","protected":false},"featured_media":19328,"template":"","meta":{"inline_featured_image":false},"product_cat":[372],"product_tag":[],"class_list":{"0":"post-25095","1":"product","2":"type-product","3":"status-publish","4":"has-post-thumbnail","6":"product_cat-trimmers","8":"first","9":"instock","10":"shipping-taxable","11":"product-type-simple"},"_links":{"self":[{"href":"https:\/\/temaaluminyum.com.tr\/en\/wp-json\/wp\/v2\/product\/25095","targetHints":{"allow":["GET"]}}],"collection":[{"href":"https:\/\/temaaluminyum.com.tr\/en\/wp-json\/wp\/v2\/product"}],"about":[{"href":"https:\/\/temaaluminyum.com.tr\/en\/wp-json\/wp\/v2\/types\/product"}],"wp:featuredmedia":[{"embeddable":true,"href":"https:\/\/temaaluminyum.com.tr\/en\/wp-json\/wp\/v2\/media\/19328"}],"wp:attachment":[{"href":"https:\/\/temaaluminyum.com.tr\/en\/wp-json\/wp\/v2\/media?parent=25095"}],"wp:term":[{"taxonomy":"product_cat","embeddable":true,"href":"https:\/\/temaaluminyum.com.tr\/en\/wp-json\/wp\/v2\/product_cat?post=25095"},{"taxonomy":"product_tag","embeddable":true,"href":"https:\/\/temaaluminyum.com.tr\/en\/wp-json\/wp\/v2\/product_tag?post=25095"}],"curies":[{"name":"wp","href":"https:\/\/api.w.org\/{rel}","templated":true}]}}