{"id":25110,"date":"2021-12-22T23:18:54","date_gmt":"2021-12-22T20:18:54","guid":{"rendered":"https:\/\/temaaluminyum.com.tr\/urunler\/dusakabin-miknatisli-fitil-1775cm-seffaf-mf01-1775\/"},"modified":"2021-12-22T23:18:54","modified_gmt":"2021-12-22T20:18:54","slug":"dusakabin-miknatisli-fitil-1775cm-seffaf-mf01-1775","status":"publish","type":"product","link":"https:\/\/temaaluminyum.com.tr\/en\/products\/dusakabin-miknatisli-fitil-1775cm-seffaf-mf01-1775\/","title":{"rendered":"Du\u015fakabin M\u0131knat\u0131sl\u0131 Fitil 177,5Cm &#8211; \u015eeffaf (Mf01-177,5)"},"content":{"rendered":"","protected":false},"excerpt":{"rendered":"<p><a class=\"temaonlinebutonu\" href=\"https:\/\/www.temaonline.com.tr\" target=_blank\" rel=\"noopener\">Sat\u0131n Al<\/a><\/p>\n","protected":false},"featured_media":19601,"template":"","meta":{"inline_featured_image":false},"product_cat":[322],"product_tag":[],"class_list":{"0":"post-25110","1":"product","2":"type-product","3":"status-publish","4":"has-post-thumbnail","6":"product_cat-shower-cabin-accessories","8":"first","9":"instock","10":"shipping-taxable","11":"product-type-simple"},"_links":{"self":[{"href":"https:\/\/temaaluminyum.com.tr\/en\/wp-json\/wp\/v2\/product\/25110","targetHints":{"allow":["GET"]}}],"collection":[{"href":"https:\/\/temaaluminyum.com.tr\/en\/wp-json\/wp\/v2\/product"}],"about":[{"href":"https:\/\/temaaluminyum.com.tr\/en\/wp-json\/wp\/v2\/types\/product"}],"wp:featuredmedia":[{"embeddable":true,"href":"https:\/\/temaaluminyum.com.tr\/en\/wp-json\/wp\/v2\/media\/19601"}],"wp:attachment":[{"href":"https:\/\/temaaluminyum.com.tr\/en\/wp-json\/wp\/v2\/media?parent=25110"}],"wp:term":[{"taxonomy":"product_cat","embeddable":true,"href":"https:\/\/temaaluminyum.com.tr\/en\/wp-json\/wp\/v2\/product_cat?post=25110"},{"taxonomy":"product_tag","embeddable":true,"href":"https:\/\/temaaluminyum.com.tr\/en\/wp-json\/wp\/v2\/product_tag?post=25110"}],"curies":[{"name":"wp","href":"https:\/\/api.w.org\/{rel}","templated":true}]}}