{"id":25150,"date":"2021-12-22T23:18:44","date_gmt":"2021-12-22T20:18:44","guid":{"rendered":"https:\/\/temaaluminyum.com.tr\/urunler\/cam-kapi-kilidi-kahe-tekli-mandalli-duvara-gore-1008-d\/"},"modified":"2021-12-22T23:18:44","modified_gmt":"2021-12-22T20:18:44","slug":"cam-kapi-kilidi-kahe-tekli-mandalli-duvara-gore-1008-d","status":"publish","type":"product","link":"https:\/\/temaaluminyum.com.tr\/en\/products\/cam-kapi-kilidi-kahe-tekli-mandalli-duvara-gore-1008-d\/","title":{"rendered":"Cam Kap\u0131 Kilidi Kahe Tekli &#8211; Mandall\u0131 Duvara G\u00f6re 1008-D"},"content":{"rendered":"","protected":false},"excerpt":{"rendered":"<p><a class=\"temaonlinebutonu\" href=\"https:\/\/www.temaonline.com.tr\" target=_blank\" rel=\"noopener\">Sat\u0131n Al<\/a><\/p>\n","protected":false},"featured_media":18885,"template":"","meta":{"inline_featured_image":false},"product_cat":[418],"product_tag":[],"class_list":{"0":"post-25150","1":"product","2":"type-product","3":"status-publish","4":"has-post-thumbnail","6":"product_cat-glass-door-accessories","8":"first","9":"instock","10":"shipping-taxable","11":"product-type-simple"},"_links":{"self":[{"href":"https:\/\/temaaluminyum.com.tr\/en\/wp-json\/wp\/v2\/product\/25150","targetHints":{"allow":["GET"]}}],"collection":[{"href":"https:\/\/temaaluminyum.com.tr\/en\/wp-json\/wp\/v2\/product"}],"about":[{"href":"https:\/\/temaaluminyum.com.tr\/en\/wp-json\/wp\/v2\/types\/product"}],"wp:featuredmedia":[{"embeddable":true,"href":"https:\/\/temaaluminyum.com.tr\/en\/wp-json\/wp\/v2\/media\/18885"}],"wp:attachment":[{"href":"https:\/\/temaaluminyum.com.tr\/en\/wp-json\/wp\/v2\/media?parent=25150"}],"wp:term":[{"taxonomy":"product_cat","embeddable":true,"href":"https:\/\/temaaluminyum.com.tr\/en\/wp-json\/wp\/v2\/product_cat?post=25150"},{"taxonomy":"product_tag","embeddable":true,"href":"https:\/\/temaaluminyum.com.tr\/en\/wp-json\/wp\/v2\/product_tag?post=25150"}],"curies":[{"name":"wp","href":"https:\/\/api.w.org\/{rel}","templated":true}]}}