{"id":25157,"date":"2021-12-22T23:18:43","date_gmt":"2021-12-22T20:18:43","guid":{"rendered":"https:\/\/temaaluminyum.com.tr\/urunler\/otomatik-gommesiz-kapi-stobu-cam-detayli-kh-c450-d\/"},"modified":"2021-12-22T23:18:43","modified_gmt":"2021-12-22T20:18:43","slug":"otomatik-gommesiz-kapi-stobu-cam-detayli-kh-c450-d","status":"publish","type":"product","link":"https:\/\/temaaluminyum.com.tr\/en\/products\/otomatik-gommesiz-kapi-stobu-cam-detayli-kh-c450-d\/","title":{"rendered":"Otomatik G\u00f6mmesiz Kap\u0131 Stobu Cam Detayl\u0131 &#8211; Kh-C450-D"},"content":{"rendered":"","protected":false},"excerpt":{"rendered":"<p><a class=\"temaonlinebutonu\" href=\"https:\/\/www.temaonline.com.tr\" target=_blank\" rel=\"noopener\">Sat\u0131n Al<\/a><\/p>\n","protected":false},"featured_media":19847,"template":"","meta":{"inline_featured_image":false},"product_cat":[418],"product_tag":[],"class_list":{"0":"post-25157","1":"product","2":"type-product","3":"status-publish","4":"has-post-thumbnail","6":"product_cat-glass-door-accessories","8":"first","9":"instock","10":"shipping-taxable","11":"product-type-simple"},"_links":{"self":[{"href":"https:\/\/temaaluminyum.com.tr\/en\/wp-json\/wp\/v2\/product\/25157","targetHints":{"allow":["GET"]}}],"collection":[{"href":"https:\/\/temaaluminyum.com.tr\/en\/wp-json\/wp\/v2\/product"}],"about":[{"href":"https:\/\/temaaluminyum.com.tr\/en\/wp-json\/wp\/v2\/types\/product"}],"wp:featuredmedia":[{"embeddable":true,"href":"https:\/\/temaaluminyum.com.tr\/en\/wp-json\/wp\/v2\/media\/19847"}],"wp:attachment":[{"href":"https:\/\/temaaluminyum.com.tr\/en\/wp-json\/wp\/v2\/media?parent=25157"}],"wp:term":[{"taxonomy":"product_cat","embeddable":true,"href":"https:\/\/temaaluminyum.com.tr\/en\/wp-json\/wp\/v2\/product_cat?post=25157"},{"taxonomy":"product_tag","embeddable":true,"href":"https:\/\/temaaluminyum.com.tr\/en\/wp-json\/wp\/v2\/product_tag?post=25157"}],"curies":[{"name":"wp","href":"https:\/\/api.w.org\/{rel}","templated":true}]}}