{"id":25196,"date":"2021-12-22T23:18:35","date_gmt":"2021-12-22T20:18:35","guid":{"rendered":"https:\/\/temaaluminyum.com.tr\/urunler\/cam-balkon-cevir-ac-kilit-takimi-siyah\/"},"modified":"2021-12-22T23:18:35","modified_gmt":"2021-12-22T20:18:35","slug":"cam-balkon-cevir-ac-kilit-takimi-siyah","status":"publish","type":"product","link":"https:\/\/temaaluminyum.com.tr\/en\/products\/cam-balkon-cevir-ac-kilit-takimi-siyah\/","title":{"rendered":"Cam Balkon \u00c7evir A\u00e7 Kilit Tak\u0131m\u0131 &#8211; Siyah"},"content":{"rendered":"","protected":false},"excerpt":{"rendered":"<p><a class=\"temaonlinebutonu\" href=\"https:\/\/www.temaonline.com.tr\" target=_blank\" rel=\"noopener\">Sat\u0131n Al<\/a><\/p>\n","protected":false},"featured_media":19495,"template":"","meta":{"inline_featured_image":false},"product_cat":[364],"product_tag":[],"class_list":{"0":"post-25196","1":"product","2":"type-product","3":"status-publish","4":"has-post-thumbnail","6":"product_cat-tema-non-insulated-folding-sliding-system-accessories","8":"first","9":"instock","10":"shipping-taxable","11":"product-type-simple"},"_links":{"self":[{"href":"https:\/\/temaaluminyum.com.tr\/en\/wp-json\/wp\/v2\/product\/25196","targetHints":{"allow":["GET"]}}],"collection":[{"href":"https:\/\/temaaluminyum.com.tr\/en\/wp-json\/wp\/v2\/product"}],"about":[{"href":"https:\/\/temaaluminyum.com.tr\/en\/wp-json\/wp\/v2\/types\/product"}],"wp:featuredmedia":[{"embeddable":true,"href":"https:\/\/temaaluminyum.com.tr\/en\/wp-json\/wp\/v2\/media\/19495"}],"wp:attachment":[{"href":"https:\/\/temaaluminyum.com.tr\/en\/wp-json\/wp\/v2\/media?parent=25196"}],"wp:term":[{"taxonomy":"product_cat","embeddable":true,"href":"https:\/\/temaaluminyum.com.tr\/en\/wp-json\/wp\/v2\/product_cat?post=25196"},{"taxonomy":"product_tag","embeddable":true,"href":"https:\/\/temaaluminyum.com.tr\/en\/wp-json\/wp\/v2\/product_tag?post=25196"}],"curies":[{"name":"wp","href":"https:\/\/api.w.org\/{rel}","templated":true}]}}