{"id":25200,"date":"2021-12-22T23:18:31","date_gmt":"2021-12-22T20:18:31","guid":{"rendered":"https:\/\/temaaluminyum.com.tr\/urunler\/acili-gonye-pres\/"},"modified":"2021-12-22T23:18:31","modified_gmt":"2021-12-22T20:18:31","slug":"acili-gonye-pres","status":"publish","type":"product","link":"https:\/\/temaaluminyum.com.tr\/en\/products\/acili-gonye-pres\/","title":{"rendered":"A\u00e7\u0131l\u0131 G\u00f6nye &#8211; Pres"},"content":{"rendered":"","protected":false},"excerpt":{"rendered":"<p><a class=\"temaonlinebutonu\" href=\"https:\/\/www.temaonline.com.tr\" target=_blank\" rel=\"noopener\">Sat\u0131n Al<\/a><\/p>\n","protected":false},"featured_media":19318,"template":"","meta":{"inline_featured_image":false},"product_cat":[364],"product_tag":[],"class_list":{"0":"post-25200","1":"product","2":"type-product","3":"status-publish","4":"has-post-thumbnail","6":"product_cat-tema-non-insulated-folding-sliding-system-accessories","8":"first","9":"instock","10":"shipping-taxable","11":"product-type-simple"},"_links":{"self":[{"href":"https:\/\/temaaluminyum.com.tr\/en\/wp-json\/wp\/v2\/product\/25200","targetHints":{"allow":["GET"]}}],"collection":[{"href":"https:\/\/temaaluminyum.com.tr\/en\/wp-json\/wp\/v2\/product"}],"about":[{"href":"https:\/\/temaaluminyum.com.tr\/en\/wp-json\/wp\/v2\/types\/product"}],"wp:featuredmedia":[{"embeddable":true,"href":"https:\/\/temaaluminyum.com.tr\/en\/wp-json\/wp\/v2\/media\/19318"}],"wp:attachment":[{"href":"https:\/\/temaaluminyum.com.tr\/en\/wp-json\/wp\/v2\/media?parent=25200"}],"wp:term":[{"taxonomy":"product_cat","embeddable":true,"href":"https:\/\/temaaluminyum.com.tr\/en\/wp-json\/wp\/v2\/product_cat?post=25200"},{"taxonomy":"product_tag","embeddable":true,"href":"https:\/\/temaaluminyum.com.tr\/en\/wp-json\/wp\/v2\/product_tag?post=25200"}],"curies":[{"name":"wp","href":"https:\/\/api.w.org\/{rel}","templated":true}]}}