{"id":25209,"date":"2021-12-22T23:18:30","date_gmt":"2021-12-22T20:18:30","guid":{"rendered":"https:\/\/temaaluminyum.com.tr\/urunler\/cikis-yolu-kapagi-luks\/"},"modified":"2021-12-22T23:18:30","modified_gmt":"2021-12-22T20:18:30","slug":"cikis-yolu-kapagi-luks","status":"publish","type":"product","link":"https:\/\/temaaluminyum.com.tr\/en\/products\/cikis-yolu-kapagi-luks\/","title":{"rendered":"\u00c7\u0131k\u0131\u015f Yolu Kapa\u011f\u0131 L\u00fcks"},"content":{"rendered":"","protected":false},"excerpt":{"rendered":"<p><a class=\"temaonlinebutonu\" href=\"https:\/\/www.temaonline.com.tr\" target=_blank\" rel=\"noopener\">Sat\u0131n Al<\/a><\/p>\n","protected":false},"featured_media":19551,"template":"","meta":{"inline_featured_image":false},"product_cat":[364],"product_tag":[],"class_list":{"0":"post-25209","1":"product","2":"type-product","3":"status-publish","4":"has-post-thumbnail","6":"product_cat-tema-non-insulated-folding-sliding-system-accessories","8":"first","9":"outofstock","10":"shipping-taxable","11":"purchasable","12":"product-type-variable"},"_links":{"self":[{"href":"https:\/\/temaaluminyum.com.tr\/en\/wp-json\/wp\/v2\/product\/25209","targetHints":{"allow":["GET"]}}],"collection":[{"href":"https:\/\/temaaluminyum.com.tr\/en\/wp-json\/wp\/v2\/product"}],"about":[{"href":"https:\/\/temaaluminyum.com.tr\/en\/wp-json\/wp\/v2\/types\/product"}],"wp:featuredmedia":[{"embeddable":true,"href":"https:\/\/temaaluminyum.com.tr\/en\/wp-json\/wp\/v2\/media\/19551"}],"wp:attachment":[{"href":"https:\/\/temaaluminyum.com.tr\/en\/wp-json\/wp\/v2\/media?parent=25209"}],"wp:term":[{"taxonomy":"product_cat","embeddable":true,"href":"https:\/\/temaaluminyum.com.tr\/en\/wp-json\/wp\/v2\/product_cat?post=25209"},{"taxonomy":"product_tag","embeddable":true,"href":"https:\/\/temaaluminyum.com.tr\/en\/wp-json\/wp\/v2\/product_tag?post=25209"}],"curies":[{"name":"wp","href":"https:\/\/api.w.org\/{rel}","templated":true}]}}