{"id":25245,"date":"2021-12-22T23:18:24","date_gmt":"2021-12-22T20:18:24","guid":{"rendered":"https:\/\/temaaluminyum.com.tr\/urunler\/25-j-03-kose-baglanti-profili-pres\/"},"modified":"2021-12-22T23:18:24","modified_gmt":"2021-12-22T20:18:24","slug":"25-j-03-kose-baglanti-profili-pres","status":"publish","type":"product","link":"https:\/\/temaaluminyum.com.tr\/en\/products\/25-j-03-kose-baglanti-profili-pres\/","title":{"rendered":"25 J 03 &#8211; K\u00f6\u015fe Ba\u011flant\u0131 Profili &#8211; Pres"},"content":{"rendered":"","protected":false},"excerpt":{"rendered":"<p><a class=\"temaonlinebutonu\" href=\"https:\/\/www.temaonline.com.tr\" target=_blank\" rel=\"noopener\">Sat\u0131n Al<\/a><\/p>\n","protected":false},"featured_media":19157,"template":"","meta":{"inline_featured_image":false},"product_cat":[351],"product_tag":[],"class_list":{"0":"post-25245","1":"product","2":"type-product","3":"status-publish","4":"has-post-thumbnail","6":"product_cat-corner-connection-profiles","8":"first","9":"instock","10":"shipping-taxable","11":"product-type-simple"},"_links":{"self":[{"href":"https:\/\/temaaluminyum.com.tr\/en\/wp-json\/wp\/v2\/product\/25245","targetHints":{"allow":["GET"]}}],"collection":[{"href":"https:\/\/temaaluminyum.com.tr\/en\/wp-json\/wp\/v2\/product"}],"about":[{"href":"https:\/\/temaaluminyum.com.tr\/en\/wp-json\/wp\/v2\/types\/product"}],"wp:featuredmedia":[{"embeddable":true,"href":"https:\/\/temaaluminyum.com.tr\/en\/wp-json\/wp\/v2\/media\/19157"}],"wp:attachment":[{"href":"https:\/\/temaaluminyum.com.tr\/en\/wp-json\/wp\/v2\/media?parent=25245"}],"wp:term":[{"taxonomy":"product_cat","embeddable":true,"href":"https:\/\/temaaluminyum.com.tr\/en\/wp-json\/wp\/v2\/product_cat?post=25245"},{"taxonomy":"product_tag","embeddable":true,"href":"https:\/\/temaaluminyum.com.tr\/en\/wp-json\/wp\/v2\/product_tag?post=25245"}],"curies":[{"name":"wp","href":"https:\/\/api.w.org\/{rel}","templated":true}]}}