{"id":25262,"date":"2021-12-22T23:18:19","date_gmt":"2021-12-22T20:18:19","guid":{"rendered":"https:\/\/temaaluminyum.com.tr\/urunler\/ac40-d-01-oval-kupeste-2550-dikme-profili-parlak-acik-bronz-eloksal\/"},"modified":"2021-12-22T23:18:19","modified_gmt":"2021-12-22T20:18:19","slug":"ac40-d-01-oval-kupeste-2550-dikme-profili-parlak-acik-bronz-eloksal","status":"publish","type":"product","link":"https:\/\/temaaluminyum.com.tr\/en\/products\/ac40-d-01-oval-kupeste-2550-dikme-profili-parlak-acik-bronz-eloksal\/","title":{"rendered":"Ac40 D 01 &#8211; Oval K\u00fcpe\u015fte 25*50 Dikme Profili &#8211; Parlak A\u00e7\u0131k Bronz Eloksal"},"content":{"rendered":"","protected":false},"excerpt":{"rendered":"<p><a class=\"temaonlinebutonu\" href=\"https:\/\/www.temaonline.com.tr\" target=_blank\" rel=\"noopener\">Sat\u0131n Al<\/a><\/p>\n","protected":false},"featured_media":18885,"template":"","meta":{"inline_featured_image":false},"product_cat":[354],"product_tag":[],"class_list":{"0":"post-25262","1":"product","2":"type-product","3":"status-publish","4":"has-post-thumbnail","6":"product_cat-elliptical-railing-system-profiles","8":"first","9":"instock","10":"shipping-taxable","11":"product-type-simple"},"_links":{"self":[{"href":"https:\/\/temaaluminyum.com.tr\/en\/wp-json\/wp\/v2\/product\/25262","targetHints":{"allow":["GET"]}}],"collection":[{"href":"https:\/\/temaaluminyum.com.tr\/en\/wp-json\/wp\/v2\/product"}],"about":[{"href":"https:\/\/temaaluminyum.com.tr\/en\/wp-json\/wp\/v2\/types\/product"}],"wp:featuredmedia":[{"embeddable":true,"href":"https:\/\/temaaluminyum.com.tr\/en\/wp-json\/wp\/v2\/media\/18885"}],"wp:attachment":[{"href":"https:\/\/temaaluminyum.com.tr\/en\/wp-json\/wp\/v2\/media?parent=25262"}],"wp:term":[{"taxonomy":"product_cat","embeddable":true,"href":"https:\/\/temaaluminyum.com.tr\/en\/wp-json\/wp\/v2\/product_cat?post=25262"},{"taxonomy":"product_tag","embeddable":true,"href":"https:\/\/temaaluminyum.com.tr\/en\/wp-json\/wp\/v2\/product_tag?post=25262"}],"curies":[{"name":"wp","href":"https:\/\/api.w.org\/{rel}","templated":true}]}}