{"id":25266,"date":"2021-12-22T23:18:18","date_gmt":"2021-12-22T20:18:18","guid":{"rendered":"https:\/\/temaaluminyum.com.tr\/urunler\/e50-m-04-136lik-dusey-profili-mat-eloksal\/"},"modified":"2021-12-22T23:18:18","modified_gmt":"2021-12-22T20:18:18","slug":"e50-m-04-136lik-dusey-profili-mat-eloksal","status":"publish","type":"product","link":"https:\/\/temaaluminyum.com.tr\/en\/products\/e50-m-04-136lik-dusey-profili-mat-eloksal\/","title":{"rendered":"E50 M 04 &#8211; 136L\u0131k D\u00fc\u015fey Profili &#8211; Mat Eloksal"},"content":{"rendered":"","protected":false},"excerpt":{"rendered":"<p><a class=\"temaonlinebutonu\" href=\"https:\/\/www.temaonline.com.tr\" target=_blank\" rel=\"noopener\">Sat\u0131n Al<\/a><\/p>\n","protected":false},"featured_media":18885,"template":"","meta":{"inline_featured_image":false},"product_cat":[345],"product_tag":[],"class_list":{"0":"post-25266","1":"product","2":"type-product","3":"status-publish","4":"has-post-thumbnail","6":"product_cat-facade-schuco-system-profiles","8":"first","9":"instock","10":"shipping-taxable","11":"product-type-simple"},"_links":{"self":[{"href":"https:\/\/temaaluminyum.com.tr\/en\/wp-json\/wp\/v2\/product\/25266","targetHints":{"allow":["GET"]}}],"collection":[{"href":"https:\/\/temaaluminyum.com.tr\/en\/wp-json\/wp\/v2\/product"}],"about":[{"href":"https:\/\/temaaluminyum.com.tr\/en\/wp-json\/wp\/v2\/types\/product"}],"wp:featuredmedia":[{"embeddable":true,"href":"https:\/\/temaaluminyum.com.tr\/en\/wp-json\/wp\/v2\/media\/18885"}],"wp:attachment":[{"href":"https:\/\/temaaluminyum.com.tr\/en\/wp-json\/wp\/v2\/media?parent=25266"}],"wp:term":[{"taxonomy":"product_cat","embeddable":true,"href":"https:\/\/temaaluminyum.com.tr\/en\/wp-json\/wp\/v2\/product_cat?post=25266"},{"taxonomy":"product_tag","embeddable":true,"href":"https:\/\/temaaluminyum.com.tr\/en\/wp-json\/wp\/v2\/product_tag?post=25266"}],"curies":[{"name":"wp","href":"https:\/\/api.w.org\/{rel}","templated":true}]}}