{"id":25371,"date":"2021-12-22T23:17:50","date_gmt":"2021-12-22T20:17:50","guid":{"rendered":"https:\/\/temaaluminyum.com.tr\/urunler\/rwt55-a-06-148mm-isi-yalitimli-adaptor-profili-mat-eloksal\/"},"modified":"2021-12-22T23:17:50","modified_gmt":"2021-12-22T20:17:50","slug":"rwt55-a-06-148mm-isi-yalitimli-adaptor-profili-mat-eloksal","status":"publish","type":"product","link":"https:\/\/temaaluminyum.com.tr\/en\/products\/rwt55-a-06-148mm-isi-yalitimli-adaptor-profili-mat-eloksal\/","title":{"rendered":"Rwt55 A 06 &#8211; 14,8Mm Is\u0131 Yal\u0131t\u0131ml\u0131 Adapt\u00f6r Profili &#8211; Mat Eloksal"},"content":{"rendered":"","protected":false},"excerpt":{"rendered":"<p><a class=\"temaonlinebutonu\" href=\"https:\/\/www.temaonline.com.tr\" target=_blank\" rel=\"noopener\">Sat\u0131n Al<\/a><\/p>\n","protected":false},"featured_media":18885,"template":"","meta":{"inline_featured_image":false},"product_cat":[358],"product_tag":[],"class_list":{"0":"post-25371","1":"product","2":"type-product","3":"status-publish","4":"has-post-thumbnail","6":"product_cat-insulated-door-window-system-profiles","8":"first","9":"instock","10":"shipping-taxable","11":"product-type-simple"},"_links":{"self":[{"href":"https:\/\/temaaluminyum.com.tr\/en\/wp-json\/wp\/v2\/product\/25371","targetHints":{"allow":["GET"]}}],"collection":[{"href":"https:\/\/temaaluminyum.com.tr\/en\/wp-json\/wp\/v2\/product"}],"about":[{"href":"https:\/\/temaaluminyum.com.tr\/en\/wp-json\/wp\/v2\/types\/product"}],"wp:featuredmedia":[{"embeddable":true,"href":"https:\/\/temaaluminyum.com.tr\/en\/wp-json\/wp\/v2\/media\/18885"}],"wp:attachment":[{"href":"https:\/\/temaaluminyum.com.tr\/en\/wp-json\/wp\/v2\/media?parent=25371"}],"wp:term":[{"taxonomy":"product_cat","embeddable":true,"href":"https:\/\/temaaluminyum.com.tr\/en\/wp-json\/wp\/v2\/product_cat?post=25371"},{"taxonomy":"product_tag","embeddable":true,"href":"https:\/\/temaaluminyum.com.tr\/en\/wp-json\/wp\/v2\/product_tag?post=25371"}],"curies":[{"name":"wp","href":"https:\/\/api.w.org\/{rel}","templated":true}]}}