{"id":25383,"date":"2021-12-22T23:17:45","date_gmt":"2021-12-22T20:17:45","guid":{"rendered":"https:\/\/temaaluminyum.com.tr\/urunler\/rwt55-a-08-148mm-isi-yalitimli-dis-bukey-kose-donus-profili-mat-eloksal\/"},"modified":"2021-12-22T23:17:45","modified_gmt":"2021-12-22T20:17:45","slug":"rwt55-a-08-148mm-isi-yalitimli-dis-bukey-kose-donus-profili-mat-eloksal","status":"publish","type":"product","link":"https:\/\/temaaluminyum.com.tr\/en\/products\/rwt55-a-08-148mm-isi-yalitimli-dis-bukey-kose-donus-profili-mat-eloksal\/","title":{"rendered":"Rwt55 A 08 &#8211; 14,8Mm Is\u0131 Yal\u0131t\u0131ml\u0131 D\u0131\u015f B\u00fckey K\u00f6\u015fe D\u00f6n\u00fc\u015f Profili &#8211; Mat Eloksal"},"content":{"rendered":"","protected":false},"excerpt":{"rendered":"<p><a class=\"temaonlinebutonu\" href=\"https:\/\/www.temaonline.com.tr\" target=_blank\" rel=\"noopener\">Sat\u0131n Al<\/a><\/p>\n","protected":false},"featured_media":20042,"template":"","meta":{"inline_featured_image":false},"product_cat":[358],"product_tag":[],"class_list":{"0":"post-25383","1":"product","2":"type-product","3":"status-publish","4":"has-post-thumbnail","6":"product_cat-insulated-door-window-system-profiles","8":"first","9":"instock","10":"shipping-taxable","11":"product-type-simple"},"_links":{"self":[{"href":"https:\/\/temaaluminyum.com.tr\/en\/wp-json\/wp\/v2\/product\/25383","targetHints":{"allow":["GET"]}}],"collection":[{"href":"https:\/\/temaaluminyum.com.tr\/en\/wp-json\/wp\/v2\/product"}],"about":[{"href":"https:\/\/temaaluminyum.com.tr\/en\/wp-json\/wp\/v2\/types\/product"}],"wp:featuredmedia":[{"embeddable":true,"href":"https:\/\/temaaluminyum.com.tr\/en\/wp-json\/wp\/v2\/media\/20042"}],"wp:attachment":[{"href":"https:\/\/temaaluminyum.com.tr\/en\/wp-json\/wp\/v2\/media?parent=25383"}],"wp:term":[{"taxonomy":"product_cat","embeddable":true,"href":"https:\/\/temaaluminyum.com.tr\/en\/wp-json\/wp\/v2\/product_cat?post=25383"},{"taxonomy":"product_tag","embeddable":true,"href":"https:\/\/temaaluminyum.com.tr\/en\/wp-json\/wp\/v2\/product_tag?post=25383"}],"curies":[{"name":"wp","href":"https:\/\/api.w.org\/{rel}","templated":true}]}}