{"id":25396,"date":"2021-12-22T23:17:43","date_gmt":"2021-12-22T20:17:43","guid":{"rendered":"https:\/\/temaaluminyum.com.tr\/urunler\/solar-p-17-100luk-gunes-kirici-profili-mat-eloksal\/"},"modified":"2021-12-22T23:17:43","modified_gmt":"2021-12-22T20:17:43","slug":"solar-p-17-100luk-gunes-kirici-profili-mat-eloksal","status":"publish","type":"product","link":"https:\/\/temaaluminyum.com.tr\/en\/products\/solar-p-17-100luk-gunes-kirici-profili-mat-eloksal\/","title":{"rendered":"Solar P 17 &#8211; 100L\u00fck G\u00fcne\u015f K\u0131r\u0131c\u0131 Profili &#8211; Mat Eloksal"},"content":{"rendered":"","protected":false},"excerpt":{"rendered":"<p><a class=\"temaonlinebutonu\" href=\"https:\/\/www.temaonline.com.tr\" target=_blank\" rel=\"noopener\">Sat\u0131n Al<\/a><\/p>\n","protected":false},"featured_media":18885,"template":"","meta":{"inline_featured_image":false},"product_cat":[356],"product_tag":[],"class_list":{"0":"post-25396","1":"product","2":"type-product","3":"status-publish","4":"has-post-thumbnail","6":"product_cat-sun-shading-profiles","8":"first","9":"instock","10":"shipping-taxable","11":"product-type-simple"},"_links":{"self":[{"href":"https:\/\/temaaluminyum.com.tr\/en\/wp-json\/wp\/v2\/product\/25396","targetHints":{"allow":["GET"]}}],"collection":[{"href":"https:\/\/temaaluminyum.com.tr\/en\/wp-json\/wp\/v2\/product"}],"about":[{"href":"https:\/\/temaaluminyum.com.tr\/en\/wp-json\/wp\/v2\/types\/product"}],"wp:featuredmedia":[{"embeddable":true,"href":"https:\/\/temaaluminyum.com.tr\/en\/wp-json\/wp\/v2\/media\/18885"}],"wp:attachment":[{"href":"https:\/\/temaaluminyum.com.tr\/en\/wp-json\/wp\/v2\/media?parent=25396"}],"wp:term":[{"taxonomy":"product_cat","embeddable":true,"href":"https:\/\/temaaluminyum.com.tr\/en\/wp-json\/wp\/v2\/product_cat?post=25396"},{"taxonomy":"product_tag","embeddable":true,"href":"https:\/\/temaaluminyum.com.tr\/en\/wp-json\/wp\/v2\/product_tag?post=25396"}],"curies":[{"name":"wp","href":"https:\/\/api.w.org\/{rel}","templated":true}]}}