{"id":25458,"date":"2021-12-22T23:17:24","date_gmt":"2021-12-22T20:17:24","guid":{"rendered":"https:\/\/temaaluminyum.com.tr\/urunler\/rst116-m-03-148mm-isi-yalitimli-733luk-ortakayit-profili\/"},"modified":"2021-12-22T23:17:24","modified_gmt":"2021-12-22T20:17:24","slug":"rst116-m-03-148mm-isi-yalitimli-733luk-ortakayit-profili","status":"publish","type":"product","link":"https:\/\/temaaluminyum.com.tr\/en\/products\/rst116-m-03-148mm-isi-yalitimli-733luk-ortakayit-profili\/","title":{"rendered":"Rst116 M 03 &#8211; 14,8Mm Is\u0131 Yal\u0131t\u0131ml\u0131 73,3L\u00fck Ortakay\u0131t Profili"},"content":{"rendered":"","protected":false},"excerpt":{"rendered":"<p><a class=\"temaonlinebutonu\" href=\"https:\/\/www.temaonline.com.tr\" target=_blank\" rel=\"noopener\">Sat\u0131n Al<\/a><\/p>\n","protected":false},"featured_media":19994,"template":"","meta":{"inline_featured_image":false},"product_cat":[359],"product_tag":[],"class_list":{"0":"post-25458","1":"product","2":"type-product","3":"status-publish","4":"has-post-thumbnail","6":"product_cat-insulated-sliding-and-hbsb-system-profiles","8":"first","9":"outofstock","10":"shipping-taxable","11":"purchasable","12":"product-type-variable"},"_links":{"self":[{"href":"https:\/\/temaaluminyum.com.tr\/en\/wp-json\/wp\/v2\/product\/25458","targetHints":{"allow":["GET"]}}],"collection":[{"href":"https:\/\/temaaluminyum.com.tr\/en\/wp-json\/wp\/v2\/product"}],"about":[{"href":"https:\/\/temaaluminyum.com.tr\/en\/wp-json\/wp\/v2\/types\/product"}],"wp:featuredmedia":[{"embeddable":true,"href":"https:\/\/temaaluminyum.com.tr\/en\/wp-json\/wp\/v2\/media\/19994"}],"wp:attachment":[{"href":"https:\/\/temaaluminyum.com.tr\/en\/wp-json\/wp\/v2\/media?parent=25458"}],"wp:term":[{"taxonomy":"product_cat","embeddable":true,"href":"https:\/\/temaaluminyum.com.tr\/en\/wp-json\/wp\/v2\/product_cat?post=25458"},{"taxonomy":"product_tag","embeddable":true,"href":"https:\/\/temaaluminyum.com.tr\/en\/wp-json\/wp\/v2\/product_tag?post=25458"}],"curies":[{"name":"wp","href":"https:\/\/api.w.org\/{rel}","templated":true}]}}