{"id":25498,"date":"2021-12-22T23:17:10","date_gmt":"2021-12-22T20:17:10","guid":{"rendered":"https:\/\/temaaluminyum.com.tr\/urunler\/rwt55-k-04-148mm-isi-yalitimli-202lik-esik-profili\/"},"modified":"2021-12-22T23:17:10","modified_gmt":"2021-12-22T20:17:10","slug":"rwt55-k-04-148mm-isi-yalitimli-202lik-esik-profili","status":"publish","type":"product","link":"https:\/\/temaaluminyum.com.tr\/en\/products\/rwt55-k-04-148mm-isi-yalitimli-202lik-esik-profili\/","title":{"rendered":"Rwt55 K 04 &#8211; 14,8Mm Is\u0131 Yal\u0131t\u0131ml\u0131 20,2Lik E\u015fik Profili"},"content":{"rendered":"","protected":false},"excerpt":{"rendered":"<p><a class=\"temaonlinebutonu\" href=\"https:\/\/www.temaonline.com.tr\" target=_blank\" rel=\"noopener\">Sat\u0131n Al<\/a><\/p>\n","protected":false},"featured_media":20053,"template":"","meta":{"inline_featured_image":false},"product_cat":[358],"product_tag":[],"class_list":{"0":"post-25498","1":"product","2":"type-product","3":"status-publish","4":"has-post-thumbnail","6":"product_cat-insulated-door-window-system-profiles","8":"first","9":"outofstock","10":"shipping-taxable","11":"purchasable","12":"product-type-variable"},"_links":{"self":[{"href":"https:\/\/temaaluminyum.com.tr\/en\/wp-json\/wp\/v2\/product\/25498","targetHints":{"allow":["GET"]}}],"collection":[{"href":"https:\/\/temaaluminyum.com.tr\/en\/wp-json\/wp\/v2\/product"}],"about":[{"href":"https:\/\/temaaluminyum.com.tr\/en\/wp-json\/wp\/v2\/types\/product"}],"wp:featuredmedia":[{"embeddable":true,"href":"https:\/\/temaaluminyum.com.tr\/en\/wp-json\/wp\/v2\/media\/20053"}],"wp:attachment":[{"href":"https:\/\/temaaluminyum.com.tr\/en\/wp-json\/wp\/v2\/media?parent=25498"}],"wp:term":[{"taxonomy":"product_cat","embeddable":true,"href":"https:\/\/temaaluminyum.com.tr\/en\/wp-json\/wp\/v2\/product_cat?post=25498"},{"taxonomy":"product_tag","embeddable":true,"href":"https:\/\/temaaluminyum.com.tr\/en\/wp-json\/wp\/v2\/product_tag?post=25498"}],"curies":[{"name":"wp","href":"https:\/\/api.w.org\/{rel}","templated":true}]}}