{"id":25536,"date":"2021-12-22T23:17:01","date_gmt":"2021-12-22T20:17:01","guid":{"rendered":"https:\/\/temaaluminyum.com.tr\/urunler\/rwt67-v-03-240mm-isi-yalitimli-kanat-profili\/"},"modified":"2021-12-22T23:17:01","modified_gmt":"2021-12-22T20:17:01","slug":"rwt67-v-03-240mm-isi-yalitimli-kanat-profili","status":"publish","type":"product","link":"https:\/\/temaaluminyum.com.tr\/en\/products\/rwt67-v-03-240mm-isi-yalitimli-kanat-profili\/","title":{"rendered":"Rwt67 V 03 &#8211; 24,0Mm Is\u0131 Yal\u0131t\u0131ml\u0131 Kanat Profili"},"content":{"rendered":"","protected":false},"excerpt":{"rendered":"<p><a class=\"temaonlinebutonu\" href=\"https:\/\/www.temaonline.com.tr\" target=_blank\" rel=\"noopener\">Sat\u0131n Al<\/a><\/p>\n","protected":false},"featured_media":20103,"template":"","meta":{"inline_featured_image":false},"product_cat":[358],"product_tag":[],"class_list":{"0":"post-25536","1":"product","2":"type-product","3":"status-publish","4":"has-post-thumbnail","6":"product_cat-insulated-door-window-system-profiles","8":"first","9":"outofstock","10":"shipping-taxable","11":"purchasable","12":"product-type-variable"},"_links":{"self":[{"href":"https:\/\/temaaluminyum.com.tr\/en\/wp-json\/wp\/v2\/product\/25536","targetHints":{"allow":["GET"]}}],"collection":[{"href":"https:\/\/temaaluminyum.com.tr\/en\/wp-json\/wp\/v2\/product"}],"about":[{"href":"https:\/\/temaaluminyum.com.tr\/en\/wp-json\/wp\/v2\/types\/product"}],"wp:featuredmedia":[{"embeddable":true,"href":"https:\/\/temaaluminyum.com.tr\/en\/wp-json\/wp\/v2\/media\/20103"}],"wp:attachment":[{"href":"https:\/\/temaaluminyum.com.tr\/en\/wp-json\/wp\/v2\/media?parent=25536"}],"wp:term":[{"taxonomy":"product_cat","embeddable":true,"href":"https:\/\/temaaluminyum.com.tr\/en\/wp-json\/wp\/v2\/product_cat?post=25536"},{"taxonomy":"product_tag","embeddable":true,"href":"https:\/\/temaaluminyum.com.tr\/en\/wp-json\/wp\/v2\/product_tag?post=25536"}],"curies":[{"name":"wp","href":"https:\/\/api.w.org\/{rel}","templated":true}]}}