{"id":25561,"date":"2021-12-22T23:16:54","date_gmt":"2021-12-22T20:16:54","guid":{"rendered":"https:\/\/temaaluminyum.com.tr\/urunler\/18-02-20-sistem-dilli-kilit-karsiligi\/"},"modified":"2021-12-22T23:16:54","modified_gmt":"2021-12-22T20:16:54","slug":"18-02-20-sistem-dilli-kilit-karsiligi","status":"publish","type":"product","link":"https:\/\/temaaluminyum.com.tr\/en\/products\/18-02-20-sistem-dilli-kilit-karsiligi\/","title":{"rendered":"18.02.20 &#8211; Sistem Dilli Kilit Kar\u015f\u0131l\u0131\u011f\u0131"},"content":{"rendered":"","protected":false},"excerpt":{"rendered":"<p><a class=\"temaonlinebutonu\" href=\"https:\/\/www.temaonline.com.tr\" target=_blank\" rel=\"noopener\">Sat\u0131n Al<\/a><\/p>\n","protected":false},"featured_media":19134,"template":"","meta":{"inline_featured_image":false},"product_cat":[315],"product_tag":[],"class_list":{"0":"post-25561","1":"product","2":"type-product","3":"status-publish","4":"has-post-thumbnail","6":"product_cat-asas-accessories","8":"first","9":"outofstock","10":"shipping-taxable","11":"purchasable","12":"product-type-variable"},"_links":{"self":[{"href":"https:\/\/temaaluminyum.com.tr\/en\/wp-json\/wp\/v2\/product\/25561","targetHints":{"allow":["GET"]}}],"collection":[{"href":"https:\/\/temaaluminyum.com.tr\/en\/wp-json\/wp\/v2\/product"}],"about":[{"href":"https:\/\/temaaluminyum.com.tr\/en\/wp-json\/wp\/v2\/types\/product"}],"wp:featuredmedia":[{"embeddable":true,"href":"https:\/\/temaaluminyum.com.tr\/en\/wp-json\/wp\/v2\/media\/19134"}],"wp:attachment":[{"href":"https:\/\/temaaluminyum.com.tr\/en\/wp-json\/wp\/v2\/media?parent=25561"}],"wp:term":[{"taxonomy":"product_cat","embeddable":true,"href":"https:\/\/temaaluminyum.com.tr\/en\/wp-json\/wp\/v2\/product_cat?post=25561"},{"taxonomy":"product_tag","embeddable":true,"href":"https:\/\/temaaluminyum.com.tr\/en\/wp-json\/wp\/v2\/product_tag?post=25561"}],"curies":[{"name":"wp","href":"https:\/\/api.w.org\/{rel}","templated":true}]}}