{"id":25579,"date":"2021-12-22T23:16:51","date_gmt":"2021-12-22T20:16:51","guid":{"rendered":"https:\/\/temaaluminyum.com.tr\/urunler\/103-j-40-orta-kayit-baglantisi-1070mm-10566-prf\/"},"modified":"2021-12-22T23:16:51","modified_gmt":"2021-12-22T20:16:51","slug":"103-j-40-orta-kayit-baglantisi-1070mm-10566-prf","status":"publish","type":"product","link":"https:\/\/temaaluminyum.com.tr\/en\/products\/103-j-40-orta-kayit-baglantisi-1070mm-10566-prf\/","title":{"rendered":"103 J 40 &#8211; Orta Kay\u0131t Ba\u011flant\u0131s\u0131 &#8211; 10,70Mm &#8211; (10566 Prf)"},"content":{"rendered":"","protected":false},"excerpt":{"rendered":"<p><a class=\"temaonlinebutonu\" href=\"https:\/\/www.temaonline.com.tr\" target=_blank\" rel=\"noopener\">Sat\u0131n Al<\/a><\/p>\n","protected":false},"featured_media":18885,"template":"","meta":{"inline_featured_image":false},"product_cat":[315],"product_tag":[],"class_list":{"0":"post-25579","1":"product","2":"type-product","3":"status-publish","4":"has-post-thumbnail","6":"product_cat-asas-accessories","8":"first","9":"instock","10":"shipping-taxable","11":"product-type-simple"},"_links":{"self":[{"href":"https:\/\/temaaluminyum.com.tr\/en\/wp-json\/wp\/v2\/product\/25579","targetHints":{"allow":["GET"]}}],"collection":[{"href":"https:\/\/temaaluminyum.com.tr\/en\/wp-json\/wp\/v2\/product"}],"about":[{"href":"https:\/\/temaaluminyum.com.tr\/en\/wp-json\/wp\/v2\/types\/product"}],"wp:featuredmedia":[{"embeddable":true,"href":"https:\/\/temaaluminyum.com.tr\/en\/wp-json\/wp\/v2\/media\/18885"}],"wp:attachment":[{"href":"https:\/\/temaaluminyum.com.tr\/en\/wp-json\/wp\/v2\/media?parent=25579"}],"wp:term":[{"taxonomy":"product_cat","embeddable":true,"href":"https:\/\/temaaluminyum.com.tr\/en\/wp-json\/wp\/v2\/product_cat?post=25579"},{"taxonomy":"product_tag","embeddable":true,"href":"https:\/\/temaaluminyum.com.tr\/en\/wp-json\/wp\/v2\/product_tag?post=25579"}],"curies":[{"name":"wp","href":"https:\/\/api.w.org\/{rel}","templated":true}]}}