{"id":25705,"date":"2021-12-22T23:16:18","date_gmt":"2021-12-22T20:16:18","guid":{"rendered":"https:\/\/temaaluminyum.com.tr\/urunler\/25-02-39b-cam-balkon-yan-dikme-kapagi-ust-rfg46\/"},"modified":"2021-12-22T23:16:18","modified_gmt":"2021-12-22T20:16:18","slug":"25-02-39b-cam-balkon-yan-dikme-kapagi-ust-rfg46","status":"publish","type":"product","link":"https:\/\/temaaluminyum.com.tr\/en\/products\/25-02-39b-cam-balkon-yan-dikme-kapagi-ust-rfg46\/","title":{"rendered":"25.02.39B &#8211; Cam Balkon Yan Dikme Kapa\u011f\u0131 \u00dcst &#8211; Rfg46"},"content":{"rendered":"","protected":false},"excerpt":{"rendered":"<p><a class=\"temaonlinebutonu\" href=\"https:\/\/www.temaonline.com.tr\" target=_blank\" rel=\"noopener\">Sat\u0131n Al<\/a><\/p>\n","protected":false},"featured_media":18885,"template":"","meta":{"inline_featured_image":false},"product_cat":[315],"product_tag":[],"class_list":{"0":"post-25705","1":"product","2":"type-product","3":"status-publish","4":"has-post-thumbnail","6":"product_cat-asas-accessories","8":"first","9":"instock","10":"shipping-taxable","11":"product-type-simple"},"_links":{"self":[{"href":"https:\/\/temaaluminyum.com.tr\/en\/wp-json\/wp\/v2\/product\/25705","targetHints":{"allow":["GET"]}}],"collection":[{"href":"https:\/\/temaaluminyum.com.tr\/en\/wp-json\/wp\/v2\/product"}],"about":[{"href":"https:\/\/temaaluminyum.com.tr\/en\/wp-json\/wp\/v2\/types\/product"}],"wp:featuredmedia":[{"embeddable":true,"href":"https:\/\/temaaluminyum.com.tr\/en\/wp-json\/wp\/v2\/media\/18885"}],"wp:attachment":[{"href":"https:\/\/temaaluminyum.com.tr\/en\/wp-json\/wp\/v2\/media?parent=25705"}],"wp:term":[{"taxonomy":"product_cat","embeddable":true,"href":"https:\/\/temaaluminyum.com.tr\/en\/wp-json\/wp\/v2\/product_cat?post=25705"},{"taxonomy":"product_tag","embeddable":true,"href":"https:\/\/temaaluminyum.com.tr\/en\/wp-json\/wp\/v2\/product_tag?post=25705"}],"curies":[{"name":"wp","href":"https:\/\/api.w.org\/{rel}","templated":true}]}}