{"id":25758,"date":"2021-12-22T23:16:03","date_gmt":"2021-12-22T20:16:03","guid":{"rendered":"https:\/\/temaaluminyum.com.tr\/urunler\/05-03-04-kirlangic-baglanti-takozu-l769mm-r50t04-t18\/"},"modified":"2021-12-22T23:16:03","modified_gmt":"2021-12-22T20:16:03","slug":"05-03-04-kirlangic-baglanti-takozu-l769mm-r50t04-t18","status":"publish","type":"product","link":"https:\/\/temaaluminyum.com.tr\/en\/products\/05-03-04-kirlangic-baglanti-takozu-l769mm-r50t04-t18\/","title":{"rendered":"05.03.04 &#8211; K\u0131rlang\u0131\u00e7 Ba\u011flant\u0131 Takozu L:76,9Mm &#8211; R50T04 &#8211; T18"},"content":{"rendered":"","protected":false},"excerpt":{"rendered":"<p><a class=\"temaonlinebutonu\" href=\"https:\/\/www.temaonline.com.tr\" target=_blank\" rel=\"noopener\">Sat\u0131n Al<\/a><\/p>\n","protected":false},"featured_media":19109,"template":"","meta":{"inline_featured_image":false},"product_cat":[315],"product_tag":[],"class_list":{"0":"post-25758","1":"product","2":"type-product","3":"status-publish","4":"has-post-thumbnail","6":"product_cat-asas-accessories","8":"first","9":"instock","10":"shipping-taxable","11":"product-type-simple"},"_links":{"self":[{"href":"https:\/\/temaaluminyum.com.tr\/en\/wp-json\/wp\/v2\/product\/25758","targetHints":{"allow":["GET"]}}],"collection":[{"href":"https:\/\/temaaluminyum.com.tr\/en\/wp-json\/wp\/v2\/product"}],"about":[{"href":"https:\/\/temaaluminyum.com.tr\/en\/wp-json\/wp\/v2\/types\/product"}],"wp:featuredmedia":[{"embeddable":true,"href":"https:\/\/temaaluminyum.com.tr\/en\/wp-json\/wp\/v2\/media\/19109"}],"wp:attachment":[{"href":"https:\/\/temaaluminyum.com.tr\/en\/wp-json\/wp\/v2\/media?parent=25758"}],"wp:term":[{"taxonomy":"product_cat","embeddable":true,"href":"https:\/\/temaaluminyum.com.tr\/en\/wp-json\/wp\/v2\/product_cat?post=25758"},{"taxonomy":"product_tag","embeddable":true,"href":"https:\/\/temaaluminyum.com.tr\/en\/wp-json\/wp\/v2\/product_tag?post=25758"}],"curies":[{"name":"wp","href":"https:\/\/api.w.org\/{rel}","templated":true}]}}