{"id":25800,"date":"2021-12-22T23:15:48","date_gmt":"2021-12-22T20:15:48","guid":{"rendered":"https:\/\/temaaluminyum.com.tr\/urunler\/04-07-19-kose-cavusu-rst58-116\/"},"modified":"2021-12-22T23:15:48","modified_gmt":"2021-12-22T20:15:48","slug":"04-07-19-kose-cavusu-rst58-116","status":"publish","type":"product","link":"https:\/\/temaaluminyum.com.tr\/en\/products\/04-07-19-kose-cavusu-rst58-116\/","title":{"rendered":"04.07.19 &#8211; K\u00f6\u015fe \u00c7avu\u015fu-Rst58-116"},"content":{"rendered":"","protected":false},"excerpt":{"rendered":"<p><a class=\"temaonlinebutonu\" href=\"https:\/\/www.temaonline.com.tr\" target=_blank\" rel=\"noopener\">Sat\u0131n Al<\/a><\/p>\n","protected":false},"featured_media":18885,"template":"","meta":{"inline_featured_image":false},"product_cat":[315],"product_tag":[],"class_list":{"0":"post-25800","1":"product","2":"type-product","3":"status-publish","4":"has-post-thumbnail","6":"product_cat-asas-accessories","8":"first","9":"instock","10":"shipping-taxable","11":"product-type-simple"},"_links":{"self":[{"href":"https:\/\/temaaluminyum.com.tr\/en\/wp-json\/wp\/v2\/product\/25800","targetHints":{"allow":["GET"]}}],"collection":[{"href":"https:\/\/temaaluminyum.com.tr\/en\/wp-json\/wp\/v2\/product"}],"about":[{"href":"https:\/\/temaaluminyum.com.tr\/en\/wp-json\/wp\/v2\/types\/product"}],"wp:featuredmedia":[{"embeddable":true,"href":"https:\/\/temaaluminyum.com.tr\/en\/wp-json\/wp\/v2\/media\/18885"}],"wp:attachment":[{"href":"https:\/\/temaaluminyum.com.tr\/en\/wp-json\/wp\/v2\/media?parent=25800"}],"wp:term":[{"taxonomy":"product_cat","embeddable":true,"href":"https:\/\/temaaluminyum.com.tr\/en\/wp-json\/wp\/v2\/product_cat?post=25800"},{"taxonomy":"product_tag","embeddable":true,"href":"https:\/\/temaaluminyum.com.tr\/en\/wp-json\/wp\/v2\/product_tag?post=25800"}],"curies":[{"name":"wp","href":"https:\/\/api.w.org\/{rel}","templated":true}]}}