{"id":25852,"date":"2021-12-22T23:15:36","date_gmt":"2021-12-22T20:15:36","guid":{"rendered":"https:\/\/temaaluminyum.com.tr\/urunler\/02-03-39-surme-kasa-icin-pvc-profil-rst102-cift-ray\/"},"modified":"2021-12-22T23:15:36","modified_gmt":"2021-12-22T20:15:36","slug":"02-03-39-surme-kasa-icin-pvc-profil-rst102-cift-ray","status":"publish","type":"product","link":"https:\/\/temaaluminyum.com.tr\/en\/products\/02-03-39-surme-kasa-icin-pvc-profil-rst102-cift-ray\/","title":{"rendered":"02.03.39 &#8211; S\u00fcrme Kasa \u0130\u00e7in Pvc Profil &#8211; Rst102 \u00c7ift Ray"},"content":{"rendered":"","protected":false},"excerpt":{"rendered":"<p><a class=\"temaonlinebutonu\" href=\"https:\/\/www.temaonline.com.tr\" target=_blank\" rel=\"noopener\">Sat\u0131n Al<\/a><\/p>\n","protected":false},"featured_media":18885,"template":"","meta":{"inline_featured_image":false},"product_cat":[315],"product_tag":[],"class_list":{"0":"post-25852","1":"product","2":"type-product","3":"status-publish","4":"has-post-thumbnail","6":"product_cat-asas-accessories","8":"first","9":"instock","10":"shipping-taxable","11":"product-type-simple"},"_links":{"self":[{"href":"https:\/\/temaaluminyum.com.tr\/en\/wp-json\/wp\/v2\/product\/25852","targetHints":{"allow":["GET"]}}],"collection":[{"href":"https:\/\/temaaluminyum.com.tr\/en\/wp-json\/wp\/v2\/product"}],"about":[{"href":"https:\/\/temaaluminyum.com.tr\/en\/wp-json\/wp\/v2\/types\/product"}],"wp:featuredmedia":[{"embeddable":true,"href":"https:\/\/temaaluminyum.com.tr\/en\/wp-json\/wp\/v2\/media\/18885"}],"wp:attachment":[{"href":"https:\/\/temaaluminyum.com.tr\/en\/wp-json\/wp\/v2\/media?parent=25852"}],"wp:term":[{"taxonomy":"product_cat","embeddable":true,"href":"https:\/\/temaaluminyum.com.tr\/en\/wp-json\/wp\/v2\/product_cat?post=25852"},{"taxonomy":"product_tag","embeddable":true,"href":"https:\/\/temaaluminyum.com.tr\/en\/wp-json\/wp\/v2\/product_tag?post=25852"}],"curies":[{"name":"wp","href":"https:\/\/api.w.org\/{rel}","templated":true}]}}