{"id":25936,"date":"2021-12-22T23:15:10","date_gmt":"2021-12-22T20:15:10","guid":{"rendered":"https:\/\/temaaluminyum.com.tr\/urunler\/disa-acilir-kanat-kolu-70-08-01-e\/"},"modified":"2021-12-22T23:15:10","modified_gmt":"2021-12-22T20:15:10","slug":"disa-acilir-kanat-kolu-70-08-01-e","status":"publish","type":"product","link":"https:\/\/temaaluminyum.com.tr\/en\/products\/disa-acilir-kanat-kolu-70-08-01-e\/","title":{"rendered":"D\u0131\u015fa A\u00e7\u0131l\u0131r Kanat Kolu 70.08.01\/E"},"content":{"rendered":"","protected":false},"excerpt":{"rendered":"<p><a class=\"temaonlinebutonu\" href=\"https:\/\/www.temaonline.com.tr\" target=_blank\" rel=\"noopener\">Sat\u0131n Al<\/a><\/p>\n","protected":false},"featured_media":19591,"template":"","meta":{"inline_featured_image":false},"product_cat":[311],"product_tag":[],"class_list":{"0":"post-25936","1":"product","2":"type-product","3":"status-publish","4":"has-post-thumbnail","6":"product_cat-window-handles","8":"first","9":"outofstock","10":"shipping-taxable","11":"purchasable","12":"product-type-variable"},"_links":{"self":[{"href":"https:\/\/temaaluminyum.com.tr\/en\/wp-json\/wp\/v2\/product\/25936","targetHints":{"allow":["GET"]}}],"collection":[{"href":"https:\/\/temaaluminyum.com.tr\/en\/wp-json\/wp\/v2\/product"}],"about":[{"href":"https:\/\/temaaluminyum.com.tr\/en\/wp-json\/wp\/v2\/types\/product"}],"wp:featuredmedia":[{"embeddable":true,"href":"https:\/\/temaaluminyum.com.tr\/en\/wp-json\/wp\/v2\/media\/19591"}],"wp:attachment":[{"href":"https:\/\/temaaluminyum.com.tr\/en\/wp-json\/wp\/v2\/media?parent=25936"}],"wp:term":[{"taxonomy":"product_cat","embeddable":true,"href":"https:\/\/temaaluminyum.com.tr\/en\/wp-json\/wp\/v2\/product_cat?post=25936"},{"taxonomy":"product_tag","embeddable":true,"href":"https:\/\/temaaluminyum.com.tr\/en\/wp-json\/wp\/v2\/product_tag?post=25936"}],"curies":[{"name":"wp","href":"https:\/\/api.w.org\/{rel}","templated":true}]}}