{"id":25940,"date":"2021-12-22T23:15:10","date_gmt":"2021-12-22T20:15:10","guid":{"rendered":"https:\/\/temaaluminyum.com.tr\/urunler\/isi-yalitim-sistem-surgu-uzun\/"},"modified":"2021-12-22T23:15:10","modified_gmt":"2021-12-22T20:15:10","slug":"isi-yalitim-sistem-surgu-uzun","status":"publish","type":"product","link":"https:\/\/temaaluminyum.com.tr\/en\/products\/isi-yalitim-sistem-surgu-uzun\/","title":{"rendered":"Is\u0131 Yal\u0131t\u0131m Sistem S\u00fcrg\u00fc Uzun"},"content":{"rendered":"","protected":false},"excerpt":{"rendered":"<p><a class=\"temaonlinebutonu\" href=\"https:\/\/www.temaonline.com.tr\" target=_blank\" rel=\"noopener\">Sat\u0131n Al<\/a><\/p>\n","protected":false},"featured_media":19687,"template":"","meta":{"inline_featured_image":false},"product_cat":[312],"product_tag":[],"class_list":{"0":"post-25940","1":"product","2":"type-product","3":"status-publish","4":"has-post-thumbnail","6":"product_cat-sliders","8":"first","9":"outofstock","10":"shipping-taxable","11":"purchasable","12":"product-type-variable"},"_links":{"self":[{"href":"https:\/\/temaaluminyum.com.tr\/en\/wp-json\/wp\/v2\/product\/25940","targetHints":{"allow":["GET"]}}],"collection":[{"href":"https:\/\/temaaluminyum.com.tr\/en\/wp-json\/wp\/v2\/product"}],"about":[{"href":"https:\/\/temaaluminyum.com.tr\/en\/wp-json\/wp\/v2\/types\/product"}],"wp:featuredmedia":[{"embeddable":true,"href":"https:\/\/temaaluminyum.com.tr\/en\/wp-json\/wp\/v2\/media\/19687"}],"wp:attachment":[{"href":"https:\/\/temaaluminyum.com.tr\/en\/wp-json\/wp\/v2\/media?parent=25940"}],"wp:term":[{"taxonomy":"product_cat","embeddable":true,"href":"https:\/\/temaaluminyum.com.tr\/en\/wp-json\/wp\/v2\/product_cat?post=25940"},{"taxonomy":"product_tag","embeddable":true,"href":"https:\/\/temaaluminyum.com.tr\/en\/wp-json\/wp\/v2\/product_tag?post=25940"}],"curies":[{"name":"wp","href":"https:\/\/api.w.org\/{rel}","templated":true}]}}