{"id":25963,"date":"2021-12-22T23:15:01","date_gmt":"2021-12-22T20:15:01","guid":{"rendered":"https:\/\/temaaluminyum.com.tr\/urunler\/koseli-h-kol-400-luk\/"},"modified":"2021-12-22T23:15:01","modified_gmt":"2021-12-22T20:15:01","slug":"koseli-h-kol-400-luk","status":"publish","type":"product","link":"https:\/\/temaaluminyum.com.tr\/en\/products\/koseli-h-kol-400-luk\/","title":{"rendered":"K\u00f6\u015feli H Kol 400 L\u00fck"},"content":{"rendered":"","protected":false},"excerpt":{"rendered":"<p><a class=\"temaonlinebutonu\" href=\"https:\/\/www.temaonline.com.tr\" target=_blank\" rel=\"noopener\">Sat\u0131n Al<\/a><\/p>\n","protected":false},"featured_media":18885,"template":"","meta":{"inline_featured_image":false},"product_cat":[307],"product_tag":[],"class_list":{"0":"post-25963","1":"product","2":"type-product","3":"status-publish","4":"has-post-thumbnail","6":"product_cat-door-handles","8":"first","9":"outofstock","10":"shipping-taxable","11":"purchasable","12":"product-type-variable"},"_links":{"self":[{"href":"https:\/\/temaaluminyum.com.tr\/en\/wp-json\/wp\/v2\/product\/25963","targetHints":{"allow":["GET"]}}],"collection":[{"href":"https:\/\/temaaluminyum.com.tr\/en\/wp-json\/wp\/v2\/product"}],"about":[{"href":"https:\/\/temaaluminyum.com.tr\/en\/wp-json\/wp\/v2\/types\/product"}],"wp:featuredmedia":[{"embeddable":true,"href":"https:\/\/temaaluminyum.com.tr\/en\/wp-json\/wp\/v2\/media\/18885"}],"wp:attachment":[{"href":"https:\/\/temaaluminyum.com.tr\/en\/wp-json\/wp\/v2\/media?parent=25963"}],"wp:term":[{"taxonomy":"product_cat","embeddable":true,"href":"https:\/\/temaaluminyum.com.tr\/en\/wp-json\/wp\/v2\/product_cat?post=25963"},{"taxonomy":"product_tag","embeddable":true,"href":"https:\/\/temaaluminyum.com.tr\/en\/wp-json\/wp\/v2\/product_tag?post=25963"}],"curies":[{"name":"wp","href":"https:\/\/api.w.org\/{rel}","templated":true}]}}