{"id":26003,"date":"2021-12-22T23:14:54","date_gmt":"2021-12-22T20:14:54","guid":{"rendered":"https:\/\/temaaluminyum.com.tr\/urunler\/aldoks-cit-cit\/"},"modified":"2021-12-22T23:14:54","modified_gmt":"2021-12-22T20:14:54","slug":"aldoks-cit-cit","status":"publish","type":"product","link":"https:\/\/temaaluminyum.com.tr\/en\/products\/aldoks-cit-cit\/","title":{"rendered":"Aldoks \u00c7\u0131t \u00c7\u0131t"},"content":{"rendered":"","protected":false},"excerpt":{"rendered":"<p><a class=\"temaonlinebutonu\" href=\"https:\/\/www.temaonline.com.tr\" target=_blank\" rel=\"noopener\">Sat\u0131n Al<\/a><\/p>\n","protected":false},"featured_media":19374,"template":"","meta":{"inline_featured_image":false},"product_cat":[308],"product_tag":[],"class_list":{"0":"post-26003","1":"product","2":"type-product","3":"status-publish","4":"has-post-thumbnail","6":"product_cat-door-window-general-accessories","8":"first","9":"outofstock","10":"shipping-taxable","11":"purchasable","12":"product-type-variable"},"_links":{"self":[{"href":"https:\/\/temaaluminyum.com.tr\/en\/wp-json\/wp\/v2\/product\/26003","targetHints":{"allow":["GET"]}}],"collection":[{"href":"https:\/\/temaaluminyum.com.tr\/en\/wp-json\/wp\/v2\/product"}],"about":[{"href":"https:\/\/temaaluminyum.com.tr\/en\/wp-json\/wp\/v2\/types\/product"}],"wp:featuredmedia":[{"embeddable":true,"href":"https:\/\/temaaluminyum.com.tr\/en\/wp-json\/wp\/v2\/media\/19374"}],"wp:attachment":[{"href":"https:\/\/temaaluminyum.com.tr\/en\/wp-json\/wp\/v2\/media?parent=26003"}],"wp:term":[{"taxonomy":"product_cat","embeddable":true,"href":"https:\/\/temaaluminyum.com.tr\/en\/wp-json\/wp\/v2\/product_cat?post=26003"},{"taxonomy":"product_tag","embeddable":true,"href":"https:\/\/temaaluminyum.com.tr\/en\/wp-json\/wp\/v2\/product_tag?post=26003"}],"curies":[{"name":"wp","href":"https:\/\/api.w.org\/{rel}","templated":true}]}}