{"id":26023,"date":"2021-12-22T23:14:47","date_gmt":"2021-12-22T20:14:47","guid":{"rendered":"https:\/\/temaaluminyum.com.tr\/urunler\/isi-yalitimli-kilit-karsiligi-dilli-eloksalli\/"},"modified":"2021-12-22T23:14:47","modified_gmt":"2021-12-22T20:14:47","slug":"isi-yalitimli-kilit-karsiligi-dilli-eloksalli","status":"publish","type":"product","link":"https:\/\/temaaluminyum.com.tr\/en\/products\/isi-yalitimli-kilit-karsiligi-dilli-eloksalli\/","title":{"rendered":"Is\u0131 Yal\u0131t\u0131ml\u0131 Kilit Kar\u015f\u0131l\u0131\u011f\u0131 Dilli &#8211; Eloksall\u0131"},"content":{"rendered":"","protected":false},"excerpt":{"rendered":"<p><a class=\"temaonlinebutonu\" href=\"https:\/\/www.temaonline.com.tr\" target=_blank\" rel=\"noopener\">Sat\u0131n Al<\/a><\/p>\n","protected":false},"featured_media":19688,"template":"","meta":{"inline_featured_image":false},"product_cat":[308],"product_tag":[],"class_list":{"0":"post-26023","1":"product","2":"type-product","3":"status-publish","4":"has-post-thumbnail","6":"product_cat-door-window-general-accessories","8":"first","9":"instock","10":"shipping-taxable","11":"product-type-simple"},"_links":{"self":[{"href":"https:\/\/temaaluminyum.com.tr\/en\/wp-json\/wp\/v2\/product\/26023","targetHints":{"allow":["GET"]}}],"collection":[{"href":"https:\/\/temaaluminyum.com.tr\/en\/wp-json\/wp\/v2\/product"}],"about":[{"href":"https:\/\/temaaluminyum.com.tr\/en\/wp-json\/wp\/v2\/types\/product"}],"wp:featuredmedia":[{"embeddable":true,"href":"https:\/\/temaaluminyum.com.tr\/en\/wp-json\/wp\/v2\/media\/19688"}],"wp:attachment":[{"href":"https:\/\/temaaluminyum.com.tr\/en\/wp-json\/wp\/v2\/media?parent=26023"}],"wp:term":[{"taxonomy":"product_cat","embeddable":true,"href":"https:\/\/temaaluminyum.com.tr\/en\/wp-json\/wp\/v2\/product_cat?post=26023"},{"taxonomy":"product_tag","embeddable":true,"href":"https:\/\/temaaluminyum.com.tr\/en\/wp-json\/wp\/v2\/product_tag?post=26023"}],"curies":[{"name":"wp","href":"https:\/\/api.w.org\/{rel}","templated":true}]}}